{"id":31161,"date":"2024-02-21T11:26:40","date_gmt":"2024-02-21T16:26:40","guid":{"rendered":"https:\/\/www.galerie-scrapbooking.com\/?post_type=product&#038;p=31161"},"modified":"2024-08-14T08:05:33","modified_gmt":"2024-08-14T12:05:33","slug":"tim-holtz-crayons-aquarelle-distress-boite-de-12-ensemble-4","status":"publish","type":"product","link":"https:\/\/www.galerie-scrapbooking.com\/en\/produit\/tim-holtz-crayons-aquarelle-distress-boite-de-12-ensemble-4\/","title":{"rendered":"Tim Holtz Crayons Aquarelle Distress Bo\u00eete de 12 _ Ensemble #4"},"content":{"rendered":"<p>Les crayons aquarelle Distress sont des crayons aquarelle sans bois formul\u00e9s pour obtenir des effets de coloration \u00e9clatants sur les surfaces poreuses.<\/p>\n<p>Les pigments solides r\u00e9actifs \u00e0 l&#8217;eau sont id\u00e9aux pour la coloration \u00e0 l&#8217;eau, l&#8217;ombrage, l&#8217;esquisse et plus encore ! Colorer directement sur la surface et m\u00e9langer avec de l&#8217;eau. Superposez avec Distress Ink, Oxides, Sprays ou Paint pour plus de possibilit\u00e9s cr\u00e9atives. Se coordonne avec les produits Distress .<\/p>\n<p>L&#8217;ensemble 4 contient: Saltwater Taffy, Festive Berries, Carved Pumpkin, Scattered Straw, Shabby Shutters, Mowed Lawn, Evergreen Bough, Chipped Sapphire, Victorian Velvet, Wilted Violet, Tea Dye, &amp; Ground Espresso<\/p>\n<p>Vid\u00e9o de d\u00e9monstration par Tim Holtz :<\/p>\n<p><iframe loading=\"lazy\" title=\"YouTube video player\" src=\"https:\/\/www.youtube.com\/embed\/qhGSsKjdw4c\" width=\"560\" height=\"315\" frameborder=\"0\" allowfullscreen=\"allowfullscreen\"><\/iframe><\/p>\n","protected":false},"excerpt":{"rendered":"<p>Tim Holtz Distress Watercolor Pencils 12\/Pkg<\/p>\n","protected":false},"featured_media":31162,"template":"","meta":{"_acf_changed":false},"product_brand":[],"product_cat":[79],"product_tag":[],"class_list":{"0":"post-31161","1":"product","2":"type-product","3":"status-publish","4":"has-post-thumbnail","6":"product_cat-crayon-aquarelle","7":"pa_brand_nc-tim-holtz","9":"first","10":"instock","11":"taxable","12":"shipping-taxable","13":"purchasable","14":"product-type-simple"},"acf":[],"aioseo_notices":[],"_links":{"self":[{"href":"https:\/\/www.galerie-scrapbooking.com\/en\/wp-json\/wp\/v2\/product\/31161","targetHints":{"allow":["GET"]}}],"collection":[{"href":"https:\/\/www.galerie-scrapbooking.com\/en\/wp-json\/wp\/v2\/product"}],"about":[{"href":"https:\/\/www.galerie-scrapbooking.com\/en\/wp-json\/wp\/v2\/types\/product"}],"wp:featuredmedia":[{"embeddable":true,"href":"https:\/\/www.galerie-scrapbooking.com\/en\/wp-json\/wp\/v2\/media\/31162"}],"wp:attachment":[{"href":"https:\/\/www.galerie-scrapbooking.com\/en\/wp-json\/wp\/v2\/media?parent=31161"}],"wp:term":[{"taxonomy":"product_brand","embeddable":true,"href":"https:\/\/www.galerie-scrapbooking.com\/en\/wp-json\/wp\/v2\/product_brand?post=31161"},{"taxonomy":"product_cat","embeddable":true,"href":"https:\/\/www.galerie-scrapbooking.com\/en\/wp-json\/wp\/v2\/product_cat?post=31161"},{"taxonomy":"product_tag","embeddable":true,"href":"https:\/\/www.galerie-scrapbooking.com\/en\/wp-json\/wp\/v2\/product_tag?post=31161"}],"curies":[{"name":"wp","href":"https:\/\/api.w.org\/{rel}","templated":true}]}}