{"id":31153,"date":"2024-02-21T11:17:01","date_gmt":"2024-02-21T16:17:01","guid":{"rendered":"https:\/\/www.galerie-scrapbooking.com\/?post_type=product&#038;p=31153"},"modified":"2025-08-08T18:53:07","modified_gmt":"2025-08-08T22:53:07","slug":"studio-light-ensemble-6x6-amoureux-de-la-nature","status":"publish","type":"product","link":"https:\/\/www.galerie-scrapbooking.com\/en\/produit\/studio-light-ensemble-6x6-amoureux-de-la-nature\/","title":{"rendered":"Studio Light ensemble 6&#8243;x6&#8243; Amoureux de la Nature"},"content":{"rendered":"<p>Id\u00e9al pour les supports mixtes, les cartes de v\u0153ux, les pages de scrapbooking et les cr\u00e9ations en papier.<\/p>\n<p>Chaque Pad contient 36 feuilles de 6 x 6 pouces.<\/p>\n","protected":false},"excerpt":{"rendered":"<p>Studio Light Nature Lover Designer Paper Pad 6&#8243;X6&#8243; 36\/Pkg<\/p>\n","protected":false},"featured_media":31156,"template":"","meta":{"_acf_changed":false},"product_brand":[],"product_cat":[187],"product_tag":[],"class_list":{"0":"post-31153","1":"product","2":"type-product","3":"status-publish","4":"has-post-thumbnail","6":"product_cat-papiers-scrapbooking-6x6","7":"pa_brand_nc-studio-light","9":"first","10":"instock","11":"taxable","12":"shipping-taxable","13":"purchasable","14":"product-type-simple"},"acf":[],"aioseo_notices":[],"_links":{"self":[{"href":"https:\/\/www.galerie-scrapbooking.com\/en\/wp-json\/wp\/v2\/product\/31153","targetHints":{"allow":["GET"]}}],"collection":[{"href":"https:\/\/www.galerie-scrapbooking.com\/en\/wp-json\/wp\/v2\/product"}],"about":[{"href":"https:\/\/www.galerie-scrapbooking.com\/en\/wp-json\/wp\/v2\/types\/product"}],"wp:featuredmedia":[{"embeddable":true,"href":"https:\/\/www.galerie-scrapbooking.com\/en\/wp-json\/wp\/v2\/media\/31156"}],"wp:attachment":[{"href":"https:\/\/www.galerie-scrapbooking.com\/en\/wp-json\/wp\/v2\/media?parent=31153"}],"wp:term":[{"taxonomy":"product_brand","embeddable":true,"href":"https:\/\/www.galerie-scrapbooking.com\/en\/wp-json\/wp\/v2\/product_brand?post=31153"},{"taxonomy":"product_cat","embeddable":true,"href":"https:\/\/www.galerie-scrapbooking.com\/en\/wp-json\/wp\/v2\/product_cat?post=31153"},{"taxonomy":"product_tag","embeddable":true,"href":"https:\/\/www.galerie-scrapbooking.com\/en\/wp-json\/wp\/v2\/product_tag?post=31153"}],"curies":[{"name":"wp","href":"https:\/\/api.w.org\/{rel}","templated":true}]}}