{"id":31148,"date":"2024-02-21T10:11:45","date_gmt":"2024-02-21T15:11:45","guid":{"rendered":"https:\/\/www.galerie-scrapbooking.com\/?post_type=product&#038;p=31148"},"modified":"2024-08-14T08:05:52","modified_gmt":"2024-08-14T12:05:52","slug":"studio-light-die-papillons","status":"publish","type":"product","link":"https:\/\/www.galerie-scrapbooking.com\/en\/produit\/studio-light-die-papillons\/","title":{"rendered":"Studio Light Die Papillons"},"content":{"rendered":"<p>Les matrices sont parfaites pour les cartes, les albums, les journaux, les cartes cadeaux, les signets et plus encore. D\u00e9coupez simplement les formes et d\u00e9corez de votre mani\u00e8re pr\u00e9f\u00e9r\u00e9e.<\/p>\n<p>Vous pouvez les utiliser pour mettre en valeur d&#8217;autres d\u00e9coupes, ou d\u00e9corer avec des peintures, poudres, papier de riz, tampons, pochoirs, la seule limite est votre imagination. Utilisez la matrice d\u00e9coup\u00e9e seule sur un projet ou m\u00e9langez-la avec d&#8217;autres matrices.<\/p>\n<p>Elles sont compatibles avec la plupart des principales machines de d\u00e9coupe (vendues s\u00e9par\u00e9ment).<\/p>\n","protected":false},"excerpt":{"rendered":"<p>Studio Light Nature Lover Cutting Dies Butterflies<\/p>\n","protected":false},"featured_media":31149,"template":"","meta":{"_acf_changed":false},"product_brand":[],"product_cat":[182],"product_tag":[],"class_list":{"0":"post-31148","1":"product","2":"type-product","3":"status-publish","4":"has-post-thumbnail","6":"product_cat-decoupes-autres-scrapbooking","7":"pa_brand_nc-studio-light","9":"first","10":"instock","11":"taxable","12":"shipping-taxable","13":"purchasable","14":"product-type-simple"},"acf":[],"aioseo_notices":[],"_links":{"self":[{"href":"https:\/\/www.galerie-scrapbooking.com\/en\/wp-json\/wp\/v2\/product\/31148","targetHints":{"allow":["GET"]}}],"collection":[{"href":"https:\/\/www.galerie-scrapbooking.com\/en\/wp-json\/wp\/v2\/product"}],"about":[{"href":"https:\/\/www.galerie-scrapbooking.com\/en\/wp-json\/wp\/v2\/types\/product"}],"wp:featuredmedia":[{"embeddable":true,"href":"https:\/\/www.galerie-scrapbooking.com\/en\/wp-json\/wp\/v2\/media\/31149"}],"wp:attachment":[{"href":"https:\/\/www.galerie-scrapbooking.com\/en\/wp-json\/wp\/v2\/media?parent=31148"}],"wp:term":[{"taxonomy":"product_brand","embeddable":true,"href":"https:\/\/www.galerie-scrapbooking.com\/en\/wp-json\/wp\/v2\/product_brand?post=31148"},{"taxonomy":"product_cat","embeddable":true,"href":"https:\/\/www.galerie-scrapbooking.com\/en\/wp-json\/wp\/v2\/product_cat?post=31148"},{"taxonomy":"product_tag","embeddable":true,"href":"https:\/\/www.galerie-scrapbooking.com\/en\/wp-json\/wp\/v2\/product_tag?post=31148"}],"curies":[{"name":"wp","href":"https:\/\/api.w.org\/{rel}","templated":true}]}}