{"id":31132,"date":"2024-02-20T14:23:13","date_gmt":"2024-02-20T19:23:13","guid":{"rendered":"https:\/\/www.galerie-scrapbooking.com\/?post_type=product&#038;p=31132"},"modified":"2024-08-14T08:06:02","modified_gmt":"2024-08-14T12:06:02","slug":"graphic-45-pad-8-x-8-grandir-avec-amour","status":"publish","type":"product","link":"https:\/\/www.galerie-scrapbooking.com\/en\/produit\/graphic-45-pad-8-x-8-grandir-avec-amour\/","title":{"rendered":"Graphic 45 Pad 8&#8243; X 8&#8243; Grandir avec Amour"},"content":{"rendered":"<p>Pr\u00e9sentation de la nouvelle collection de papier florissante de Graphic 45, une c\u00e9l\u00e9bration de la beaut\u00e9 des fleurs printani\u00e8res, des charmantes portes de jardin et des ravissants nichoirs.<\/p>\n<p>Plongez-vous dans les teintes douces du rose, du violet lilas, du jaune jonquille et de la verdure luxuriante, rappelant un jardin fleuri dans toute sa splendeur.<\/p>\n<p>Cette collection est une invitation \u00e0 impr\u00e9gner vos efforts cr\u00e9atifs de l&#8217;essence fra\u00eeche et d\u00e9licieuse de la saison, faisant de chaque projet un t\u00e9moignage de la beaut\u00e9 trouv\u00e9e dans l&#8217;\u00e9treinte de la nature.<\/p>\n<p>Chaque Pad contient 24 feuilles double-face, 3 x 8 designs<\/p>\n","protected":false},"excerpt":{"rendered":"<p>Graphic 45 Double-Sided Paper Pad 8&#8243;X8&#8243; 24\/Pkg &#8211; Grow With Love<\/p>\n","protected":false},"featured_media":31133,"template":"","meta":{"_acf_changed":false},"product_brand":[],"product_cat":[410,138],"product_tag":[],"class_list":{"0":"post-31132","1":"product","2":"type-product","3":"status-publish","4":"has-post-thumbnail","6":"product_cat-papiers-scrapbooking-8x8","7":"product_cat-papier-graphic45","8":"pa_brand_nc-graphic-45","10":"first","11":"instock","12":"taxable","13":"shipping-taxable","14":"purchasable","15":"product-type-simple"},"acf":[],"aioseo_notices":[],"_links":{"self":[{"href":"https:\/\/www.galerie-scrapbooking.com\/en\/wp-json\/wp\/v2\/product\/31132","targetHints":{"allow":["GET"]}}],"collection":[{"href":"https:\/\/www.galerie-scrapbooking.com\/en\/wp-json\/wp\/v2\/product"}],"about":[{"href":"https:\/\/www.galerie-scrapbooking.com\/en\/wp-json\/wp\/v2\/types\/product"}],"wp:featuredmedia":[{"embeddable":true,"href":"https:\/\/www.galerie-scrapbooking.com\/en\/wp-json\/wp\/v2\/media\/31133"}],"wp:attachment":[{"href":"https:\/\/www.galerie-scrapbooking.com\/en\/wp-json\/wp\/v2\/media?parent=31132"}],"wp:term":[{"taxonomy":"product_brand","embeddable":true,"href":"https:\/\/www.galerie-scrapbooking.com\/en\/wp-json\/wp\/v2\/product_brand?post=31132"},{"taxonomy":"product_cat","embeddable":true,"href":"https:\/\/www.galerie-scrapbooking.com\/en\/wp-json\/wp\/v2\/product_cat?post=31132"},{"taxonomy":"product_tag","embeddable":true,"href":"https:\/\/www.galerie-scrapbooking.com\/en\/wp-json\/wp\/v2\/product_tag?post=31132"}],"curies":[{"name":"wp","href":"https:\/\/api.w.org\/{rel}","templated":true}]}}