{"id":31071,"date":"2024-02-13T13:43:30","date_gmt":"2024-02-13T18:43:30","guid":{"rendered":"https:\/\/www.galerie-scrapbooking.com\/?post_type=product&#038;p=31071"},"modified":"2024-10-11T08:12:03","modified_gmt":"2024-10-11T12:12:03","slug":"etampe-santoro-soyez-gentil-avec-nos-oceans","status":"publish","type":"product","link":"https:\/\/www.galerie-scrapbooking.com\/en\/produit\/etampe-santoro-soyez-gentil-avec-nos-oceans\/","title":{"rendered":"\u00c9tampe Santoro Soyez gentil avec nos Oc\u00e9ans"},"content":{"rendered":"<p>C&#8217;est une \u00e9tampe polyvalente pour une vari\u00e9t\u00e9 d&#8217;occasions.<\/p>\n<p>Cette \u00e9tampe peut \u00eatre utilis\u00e9e avec vos encres, marqueurs, poudres \u00e0 gaufrer, aquarelles, crayons de couleur et autres supports d&#8217;artisanat pr\u00e9f\u00e9r\u00e9s.<\/p>\n<p>Dimensions approximatives de l&#8217;emballage:<\/p>\n<p>3.0 x 5.0 pouces<\/p>\n","protected":false},"excerpt":{"rendered":"<p>Studio Light Gorjuss Stamps &#8211; Be Kind Into The Ocean<\/p>\n","protected":false},"featured_media":31063,"template":"","meta":{"_acf_changed":false},"product_brand":[],"product_cat":[260],"product_tag":[],"class_list":{"0":"post-31071","1":"product","2":"type-product","3":"status-publish","4":"has-post-thumbnail","6":"product_cat-santoro","7":"pa_brand_nc-santoro","9":"first","10":"instock","11":"taxable","12":"shipping-taxable","13":"purchasable","14":"product-type-simple"},"acf":[],"aioseo_notices":[],"_links":{"self":[{"href":"https:\/\/www.galerie-scrapbooking.com\/en\/wp-json\/wp\/v2\/product\/31071","targetHints":{"allow":["GET"]}}],"collection":[{"href":"https:\/\/www.galerie-scrapbooking.com\/en\/wp-json\/wp\/v2\/product"}],"about":[{"href":"https:\/\/www.galerie-scrapbooking.com\/en\/wp-json\/wp\/v2\/types\/product"}],"wp:featuredmedia":[{"embeddable":true,"href":"https:\/\/www.galerie-scrapbooking.com\/en\/wp-json\/wp\/v2\/media\/31063"}],"wp:attachment":[{"href":"https:\/\/www.galerie-scrapbooking.com\/en\/wp-json\/wp\/v2\/media?parent=31071"}],"wp:term":[{"taxonomy":"product_brand","embeddable":true,"href":"https:\/\/www.galerie-scrapbooking.com\/en\/wp-json\/wp\/v2\/product_brand?post=31071"},{"taxonomy":"product_cat","embeddable":true,"href":"https:\/\/www.galerie-scrapbooking.com\/en\/wp-json\/wp\/v2\/product_cat?post=31071"},{"taxonomy":"product_tag","embeddable":true,"href":"https:\/\/www.galerie-scrapbooking.com\/en\/wp-json\/wp\/v2\/product_tag?post=31071"}],"curies":[{"name":"wp","href":"https:\/\/api.w.org\/{rel}","templated":true}]}}