{"id":31069,"date":"2024-02-13T13:33:12","date_gmt":"2024-02-13T18:33:12","guid":{"rendered":"https:\/\/www.galerie-scrapbooking.com\/?post_type=product&#038;p=31069"},"modified":"2026-02-18T18:21:01","modified_gmt":"2026-02-18T23:21:01","slug":"echo-park-collection-12-x-12-livraison-speciale-bebe","status":"publish","type":"product","link":"https:\/\/www.galerie-scrapbooking.com\/en\/produit\/echo-park-collection-12-x-12-livraison-speciale-bebe\/","title":{"rendered":"Echo Park Collection 12&#8243; X 12&#8243; Livraison Sp\u00e9ciale B\u00e9b\u00e9"},"content":{"rendered":"<p>Commencez votre projet du bon pied avec le papier parfait pour les pages de scrapbooking, les cartes de souhaits, les signets, les cartes-cadeaux, les supports mixtes et bien plus encore !<\/p>\n<p>Ce paquet contient la collection Echo Park &#8211; La magie de l&#8217;hiver, 12 papiers \u00e0 motifs double face 12 x 12 pouces et une feuille d&#8217;autocollants cartonn\u00e9s<\/p>\n","protected":false},"excerpt":{"rendered":"<p>Echo Park Collection Kit 12&#8243;X12&#8243; &#8211; Special Delivery Baby<\/p>\n","protected":false},"featured_media":31059,"template":"","meta":{"_acf_changed":false},"product_brand":[],"product_cat":[141],"product_tag":[],"class_list":{"0":"post-31069","1":"product","2":"type-product","3":"status-publish","4":"has-post-thumbnail","6":"product_cat-ensemble-papier-scrapbooking","7":"pa_brand_nc-echo-park-paper","9":"first","10":"instock","11":"taxable","12":"shipping-taxable","13":"purchasable","14":"product-type-simple"},"acf":[],"aioseo_notices":[],"_links":{"self":[{"href":"https:\/\/www.galerie-scrapbooking.com\/en\/wp-json\/wp\/v2\/product\/31069","targetHints":{"allow":["GET"]}}],"collection":[{"href":"https:\/\/www.galerie-scrapbooking.com\/en\/wp-json\/wp\/v2\/product"}],"about":[{"href":"https:\/\/www.galerie-scrapbooking.com\/en\/wp-json\/wp\/v2\/types\/product"}],"wp:featuredmedia":[{"embeddable":true,"href":"https:\/\/www.galerie-scrapbooking.com\/en\/wp-json\/wp\/v2\/media\/31059"}],"wp:attachment":[{"href":"https:\/\/www.galerie-scrapbooking.com\/en\/wp-json\/wp\/v2\/media?parent=31069"}],"wp:term":[{"taxonomy":"product_brand","embeddable":true,"href":"https:\/\/www.galerie-scrapbooking.com\/en\/wp-json\/wp\/v2\/product_brand?post=31069"},{"taxonomy":"product_cat","embeddable":true,"href":"https:\/\/www.galerie-scrapbooking.com\/en\/wp-json\/wp\/v2\/product_cat?post=31069"},{"taxonomy":"product_tag","embeddable":true,"href":"https:\/\/www.galerie-scrapbooking.com\/en\/wp-json\/wp\/v2\/product_tag?post=31069"}],"curies":[{"name":"wp","href":"https:\/\/api.w.org\/{rel}","templated":true}]}}