{"id":31068,"date":"2024-02-13T13:26:40","date_gmt":"2024-02-13T18:26:40","guid":{"rendered":"https:\/\/www.galerie-scrapbooking.com\/?post_type=product&#038;p=31068"},"modified":"2025-04-17T15:10:47","modified_gmt":"2025-04-17T19:10:47","slug":"sizzix-die-thinlits-cercle-floral","status":"publish","type":"product","link":"https:\/\/www.galerie-scrapbooking.com\/en\/produit\/sizzix-die-thinlits-cercle-floral\/","title":{"rendered":"Sizzix Die Thinlits Cercle Floral"},"content":{"rendered":"<p>Ce motif floral de Lisa Jones deviendra un incontournable de votre collection pour scrapbooking ou de carterie. Cette coupe tout-en-un cr\u00e9e un d\u00e9licat coin floral, fix\u00e9 \u00e0 un cadre circulaire.<\/p>\n<p>Il comprend des \u00e9l\u00e9ments floraux et feuilles superpos\u00e9s s\u00e9par\u00e9s pour construire la couronne dans diff\u00e9rentes couleurs, vous permettant d&#8217;ajouter de la dimension et votre propre finition sur mesure. Il peut \u00eatre facilement personnalis\u00e9 avec un tampon de sentiment dans la zone du cadre.<\/p>\n<p>Ces matrices sont compatibles avec la Switch, Sizzix BIGkick, BigShot, Vagabond et Big Shot Pro.<\/p>\n<p>7 d\u00e9coupes par paquet<\/p>\n<p>Dimensions approximatives:<\/p>\n<p>4 1\/2\u201d x 4 1\/8\u201d &#8211; 1\/4\u201d x 1\/4\u201d<\/p>\n","protected":false},"excerpt":{"rendered":"<p>Sizzix\u00ae Thinlits\u00ae Die Set 7PK \u2013 Floral Round<\/p>\n","protected":false},"featured_media":31053,"template":"","meta":{"_acf_changed":false},"product_brand":[],"product_cat":[87,255],"product_tag":[],"class_list":{"0":"post-31068","1":"product","2":"type-product","3":"status-publish","4":"has-post-thumbnail","6":"product_cat-sizzix","7":"product_cat-matrices-thinlits-framelits-sizzix","8":"pa_brand_nc-sizzix","10":"first","11":"instock","12":"taxable","13":"shipping-taxable","14":"purchasable","15":"product-type-simple"},"acf":[],"aioseo_notices":[],"_links":{"self":[{"href":"https:\/\/www.galerie-scrapbooking.com\/en\/wp-json\/wp\/v2\/product\/31068","targetHints":{"allow":["GET"]}}],"collection":[{"href":"https:\/\/www.galerie-scrapbooking.com\/en\/wp-json\/wp\/v2\/product"}],"about":[{"href":"https:\/\/www.galerie-scrapbooking.com\/en\/wp-json\/wp\/v2\/types\/product"}],"wp:featuredmedia":[{"embeddable":true,"href":"https:\/\/www.galerie-scrapbooking.com\/en\/wp-json\/wp\/v2\/media\/31053"}],"wp:attachment":[{"href":"https:\/\/www.galerie-scrapbooking.com\/en\/wp-json\/wp\/v2\/media?parent=31068"}],"wp:term":[{"taxonomy":"product_brand","embeddable":true,"href":"https:\/\/www.galerie-scrapbooking.com\/en\/wp-json\/wp\/v2\/product_brand?post=31068"},{"taxonomy":"product_cat","embeddable":true,"href":"https:\/\/www.galerie-scrapbooking.com\/en\/wp-json\/wp\/v2\/product_cat?post=31068"},{"taxonomy":"product_tag","embeddable":true,"href":"https:\/\/www.galerie-scrapbooking.com\/en\/wp-json\/wp\/v2\/product_tag?post=31068"}],"curies":[{"name":"wp","href":"https:\/\/api.w.org\/{rel}","templated":true}]}}