{"id":31031,"date":"2024-02-06T13:26:12","date_gmt":"2024-02-06T18:26:12","guid":{"rendered":"https:\/\/www.galerie-scrapbooking.com\/?post_type=product&#038;p=31031"},"modified":"2025-01-05T23:04:26","modified_gmt":"2025-01-06T04:04:26","slug":"lavinia-etampe-scout-petite","status":"publish","type":"product","link":"https:\/\/www.galerie-scrapbooking.com\/en\/produit\/lavinia-etampe-scout-petite\/","title":{"rendered":"Lavinia \u00c9tampe Scout petite"},"content":{"rendered":"<p>Une seule silhouette de f\u00e9e \u00e0 l&#8217;aff\u00fbt \u00e0 l&#8217;aide d&#8217;une longue-vue. Disponible en deux tailles.<\/p>\n<p>Cette \u00e9tampe f\u00e9erique est pleine de personnalit\u00e9 et de d\u00e9tails avec des ailes complexes, des vrilles flottantes, un chapeau de lutin et un t\u00e9lescope f\u00e9erique.<\/p>\n<p>Dimension approximative:<\/p>\n<p>5.5cm x 8.0cm<\/p>\n","protected":false},"excerpt":{"rendered":"<p>Lavinia Stamp &#8211; Scout Small<\/p>\n","protected":false},"featured_media":31002,"template":"","meta":{"_acf_changed":false},"product_brand":[],"product_cat":[422,342],"product_tag":[],"class_list":{"0":"post-31031","1":"product","2":"type-product","3":"status-publish","4":"has-post-thumbnail","6":"product_cat-fees","7":"product_cat-etampes-lavinia","8":"pa_brand_nc-lavinia","10":"first","11":"instock","12":"taxable","13":"shipping-taxable","14":"purchasable","15":"product-type-simple"},"acf":[],"aioseo_notices":[],"_links":{"self":[{"href":"https:\/\/www.galerie-scrapbooking.com\/en\/wp-json\/wp\/v2\/product\/31031","targetHints":{"allow":["GET"]}}],"collection":[{"href":"https:\/\/www.galerie-scrapbooking.com\/en\/wp-json\/wp\/v2\/product"}],"about":[{"href":"https:\/\/www.galerie-scrapbooking.com\/en\/wp-json\/wp\/v2\/types\/product"}],"wp:featuredmedia":[{"embeddable":true,"href":"https:\/\/www.galerie-scrapbooking.com\/en\/wp-json\/wp\/v2\/media\/31002"}],"wp:attachment":[{"href":"https:\/\/www.galerie-scrapbooking.com\/en\/wp-json\/wp\/v2\/media?parent=31031"}],"wp:term":[{"taxonomy":"product_brand","embeddable":true,"href":"https:\/\/www.galerie-scrapbooking.com\/en\/wp-json\/wp\/v2\/product_brand?post=31031"},{"taxonomy":"product_cat","embeddable":true,"href":"https:\/\/www.galerie-scrapbooking.com\/en\/wp-json\/wp\/v2\/product_cat?post=31031"},{"taxonomy":"product_tag","embeddable":true,"href":"https:\/\/www.galerie-scrapbooking.com\/en\/wp-json\/wp\/v2\/product_tag?post=31031"}],"curies":[{"name":"wp","href":"https:\/\/api.w.org\/{rel}","templated":true}]}}