{"id":31029,"date":"2024-02-06T13:10:48","date_gmt":"2024-02-06T18:10:48","guid":{"rendered":"https:\/\/www.galerie-scrapbooking.com\/?post_type=product&#038;p=31029"},"modified":"2026-03-12T10:20:58","modified_gmt":"2026-03-12T14:20:58","slug":"lavinia-etampe-mouse-forestiere","status":"publish","type":"product","link":"https:\/\/www.galerie-scrapbooking.com\/en\/produit\/lavinia-etampe-mouse-forestiere\/","title":{"rendered":"Lavinia \u00c9tampe Mousse Foresti\u00e8re"},"content":{"rendered":"<h1>Lavinia \u00c9tampe Mousse Foresti\u00e8re<\/h1>\n<p>Un ensemble de quatre \u00e9tampes individuelles pr\u00e9sentant des illustrations de monticules moussus, de pierres empil\u00e9es et d&#8217;une jeune pousse de chardon f\u00e9erique.<\/p>\n<p>Ces superbes \u00e9tampes sont id\u00e9ales pour cr\u00e9er un premier plan int\u00e9ressant et ancrer le sujet de votre cr\u00e9ation.<\/p>\n<p>Dimension approximative:<\/p>\n<p>1cm x 3cm, 1.5cm x 2cm, 1cm x 2cm &amp; 5cm x 2cm.<\/p>\n","protected":false},"excerpt":{"rendered":"<p>Lavinia Stamp &#8211; Forest Moss<\/p>\n","protected":false},"featured_media":30994,"template":"","meta":{"_acf_changed":false},"product_brand":[],"product_cat":[423,342],"product_tag":[],"class_list":{"0":"post-31029","1":"product","2":"type-product","3":"status-publish","4":"has-post-thumbnail","6":"product_cat-fleurs-feuillage","7":"product_cat-etampes-lavinia","8":"pa_brand_nc-lavinia","10":"first","11":"instock","12":"taxable","13":"shipping-taxable","14":"purchasable","15":"product-type-simple"},"acf":[],"aioseo_notices":[],"_links":{"self":[{"href":"https:\/\/www.galerie-scrapbooking.com\/en\/wp-json\/wp\/v2\/product\/31029","targetHints":{"allow":["GET"]}}],"collection":[{"href":"https:\/\/www.galerie-scrapbooking.com\/en\/wp-json\/wp\/v2\/product"}],"about":[{"href":"https:\/\/www.galerie-scrapbooking.com\/en\/wp-json\/wp\/v2\/types\/product"}],"wp:featuredmedia":[{"embeddable":true,"href":"https:\/\/www.galerie-scrapbooking.com\/en\/wp-json\/wp\/v2\/media\/30994"}],"wp:attachment":[{"href":"https:\/\/www.galerie-scrapbooking.com\/en\/wp-json\/wp\/v2\/media?parent=31029"}],"wp:term":[{"taxonomy":"product_brand","embeddable":true,"href":"https:\/\/www.galerie-scrapbooking.com\/en\/wp-json\/wp\/v2\/product_brand?post=31029"},{"taxonomy":"product_cat","embeddable":true,"href":"https:\/\/www.galerie-scrapbooking.com\/en\/wp-json\/wp\/v2\/product_cat?post=31029"},{"taxonomy":"product_tag","embeddable":true,"href":"https:\/\/www.galerie-scrapbooking.com\/en\/wp-json\/wp\/v2\/product_tag?post=31029"}],"curies":[{"name":"wp","href":"https:\/\/api.w.org\/{rel}","templated":true}]}}