{"id":31028,"date":"2024-02-06T13:06:29","date_gmt":"2024-02-06T18:06:29","guid":{"rendered":"https:\/\/www.galerie-scrapbooking.com\/?post_type=product&#038;p=31028"},"modified":"2025-04-12T08:40:14","modified_gmt":"2025-04-12T12:40:14","slug":"lavinia-etampe-remedes-pour-lancer-des-sorts-2","status":"publish","type":"product","link":"https:\/\/www.galerie-scrapbooking.com\/en\/produit\/lavinia-etampe-remedes-pour-lancer-des-sorts-2\/","title":{"rendered":"Lavinia \u00c9tampe Rem\u00e8des pour lancer des sorts #2"},"content":{"rendered":"<h1>Lavinia \u00c9tampe Rem\u00e8des pour lancer des sorts #2<\/h1>\n<p>Un ensemble de trois \u00e9tampes individuelles comprenant deux bouteilles et une \u00e9tiquette rectangulaire.<\/p>\n<p>Ces superbes \u00e9tampes sont parfaites pour les cartes d&#8217;anniversaire ou peut-\u00eatre pour une potion magique. Ajoutez la touche finale avec une \u00e9tiquette.<\/p>\n<p>Dimension approximative:<\/p>\n<p>3.5cm x 4.5cm, 6cm x 2.5cm &amp; 2.5cm x 2cm<\/p>\n","protected":false},"excerpt":{"rendered":"<p>Lavinia Stamp &#8211; Spellcasting Remedies #2<\/p>\n","protected":false},"featured_media":30986,"template":"","meta":{"_acf_changed":false},"product_brand":[],"product_cat":[342,2226],"product_tag":[],"class_list":{"0":"post-31028","1":"product","2":"type-product","3":"status-publish","4":"has-post-thumbnail","6":"product_cat-etampes-lavinia","7":"product_cat-objets","8":"pa_brand_nc-lavinia","10":"first","11":"instock","12":"taxable","13":"shipping-taxable","14":"purchasable","15":"product-type-simple"},"acf":[],"aioseo_notices":[],"_links":{"self":[{"href":"https:\/\/www.galerie-scrapbooking.com\/en\/wp-json\/wp\/v2\/product\/31028","targetHints":{"allow":["GET"]}}],"collection":[{"href":"https:\/\/www.galerie-scrapbooking.com\/en\/wp-json\/wp\/v2\/product"}],"about":[{"href":"https:\/\/www.galerie-scrapbooking.com\/en\/wp-json\/wp\/v2\/types\/product"}],"wp:featuredmedia":[{"embeddable":true,"href":"https:\/\/www.galerie-scrapbooking.com\/en\/wp-json\/wp\/v2\/media\/30986"}],"wp:attachment":[{"href":"https:\/\/www.galerie-scrapbooking.com\/en\/wp-json\/wp\/v2\/media?parent=31028"}],"wp:term":[{"taxonomy":"product_brand","embeddable":true,"href":"https:\/\/www.galerie-scrapbooking.com\/en\/wp-json\/wp\/v2\/product_brand?post=31028"},{"taxonomy":"product_cat","embeddable":true,"href":"https:\/\/www.galerie-scrapbooking.com\/en\/wp-json\/wp\/v2\/product_cat?post=31028"},{"taxonomy":"product_tag","embeddable":true,"href":"https:\/\/www.galerie-scrapbooking.com\/en\/wp-json\/wp\/v2\/product_tag?post=31028"}],"curies":[{"name":"wp","href":"https:\/\/api.w.org\/{rel}","templated":true}]}}