{"id":31027,"date":"2024-02-06T11:55:16","date_gmt":"2024-02-06T16:55:16","guid":{"rendered":"https:\/\/www.galerie-scrapbooking.com\/?post_type=product&#038;p=31027"},"modified":"2025-04-12T08:40:44","modified_gmt":"2025-04-12T12:40:44","slug":"lavinia-etampe-remedes-pour-lancer-des-sorts-1","status":"publish","type":"product","link":"https:\/\/www.galerie-scrapbooking.com\/en\/produit\/lavinia-etampe-remedes-pour-lancer-des-sorts-1\/","title":{"rendered":"Lavinia \u00c9tampe Rem\u00e8des pour lancer des sorts #1"},"content":{"rendered":"<p>Un ensemble de trois \u00e9tampes individuelles comprenant deux bouteilles et une \u00e9tiquette ovale.<\/p>\n<p>Ces superbes \u00e9tampes sont parfaites pour les cartes d&#8217;anniversaire ou peut-\u00eatre pour une potion magique. Ajoutez la touche finale avec une \u00e9tiquette.<\/p>\n<p>Dimension approximative:<\/p>\n<p>4cm x 5.5cm, 3.5 x 4.5cm &amp; 2cm x 2.5cm.<\/p>\n","protected":false},"excerpt":{"rendered":"<p>Lavinia Stamp &#8211; Spellcasting Remedies #1<\/p>\n","protected":false},"featured_media":30982,"template":"","meta":{"_acf_changed":false},"product_brand":[],"product_cat":[342,2226],"product_tag":[],"class_list":{"0":"post-31027","1":"product","2":"type-product","3":"status-publish","4":"has-post-thumbnail","6":"product_cat-etampes-lavinia","7":"product_cat-objets","8":"pa_brand_nc-lavinia","10":"first","11":"instock","12":"taxable","13":"shipping-taxable","14":"purchasable","15":"product-type-simple"},"acf":[],"aioseo_notices":[],"_links":{"self":[{"href":"https:\/\/www.galerie-scrapbooking.com\/en\/wp-json\/wp\/v2\/product\/31027","targetHints":{"allow":["GET"]}}],"collection":[{"href":"https:\/\/www.galerie-scrapbooking.com\/en\/wp-json\/wp\/v2\/product"}],"about":[{"href":"https:\/\/www.galerie-scrapbooking.com\/en\/wp-json\/wp\/v2\/types\/product"}],"wp:featuredmedia":[{"embeddable":true,"href":"https:\/\/www.galerie-scrapbooking.com\/en\/wp-json\/wp\/v2\/media\/30982"}],"wp:attachment":[{"href":"https:\/\/www.galerie-scrapbooking.com\/en\/wp-json\/wp\/v2\/media?parent=31027"}],"wp:term":[{"taxonomy":"product_brand","embeddable":true,"href":"https:\/\/www.galerie-scrapbooking.com\/en\/wp-json\/wp\/v2\/product_brand?post=31027"},{"taxonomy":"product_cat","embeddable":true,"href":"https:\/\/www.galerie-scrapbooking.com\/en\/wp-json\/wp\/v2\/product_cat?post=31027"},{"taxonomy":"product_tag","embeddable":true,"href":"https:\/\/www.galerie-scrapbooking.com\/en\/wp-json\/wp\/v2\/product_tag?post=31027"}],"curies":[{"name":"wp","href":"https:\/\/api.w.org\/{rel}","templated":true}]}}