{"id":31019,"date":"2024-02-06T11:36:37","date_gmt":"2024-02-06T16:36:37","guid":{"rendered":"https:\/\/www.galerie-scrapbooking.com\/?post_type=product&#038;p=31019"},"modified":"2024-08-14T08:03:20","modified_gmt":"2024-08-14T12:03:20","slug":"lavinia-etampe-champignon-a-tete-descargot-seul","status":"publish","type":"product","link":"https:\/\/www.galerie-scrapbooking.com\/en\/produit\/lavinia-etampe-champignon-a-tete-descargot-seul\/","title":{"rendered":"Lavinia \u00c9tampe Champignon \u00e0 t\u00eate d&#8217;escargot seul"},"content":{"rendered":"<p>Une seule \u00e9tampe repr\u00e9sentant un champignon mince avec un capuchon \u00e0 motifs.<\/p>\n<p>Cette \u00e9tampe d\u00e9taill\u00e9e est le compl\u00e9ment parfait \u00e0 une sc\u00e8ne avec l\u2019ensemble Champignons \u00e0 t\u00eate d&#8217;escargot .<\/p>\n<p>Dimension approximative:<\/p>\n<p>8cm x 4cm<\/p>\n","protected":false},"excerpt":{"rendered":"<p>Lavinia Stamp &#8211; Snailcap Single Mushroom<\/p>\n","protected":false},"featured_media":30978,"template":"","meta":{"_acf_changed":false},"product_brand":[],"product_cat":[423,342],"product_tag":[],"class_list":{"0":"post-31019","1":"product","2":"type-product","3":"status-publish","4":"has-post-thumbnail","6":"product_cat-fleurs-feuillage","7":"product_cat-etampes-lavinia","8":"pa_brand_nc-lavinia","10":"first","11":"instock","12":"taxable","13":"shipping-taxable","14":"purchasable","15":"product-type-simple"},"acf":[],"aioseo_notices":[],"_links":{"self":[{"href":"https:\/\/www.galerie-scrapbooking.com\/en\/wp-json\/wp\/v2\/product\/31019","targetHints":{"allow":["GET"]}}],"collection":[{"href":"https:\/\/www.galerie-scrapbooking.com\/en\/wp-json\/wp\/v2\/product"}],"about":[{"href":"https:\/\/www.galerie-scrapbooking.com\/en\/wp-json\/wp\/v2\/types\/product"}],"wp:featuredmedia":[{"embeddable":true,"href":"https:\/\/www.galerie-scrapbooking.com\/en\/wp-json\/wp\/v2\/media\/30978"}],"wp:attachment":[{"href":"https:\/\/www.galerie-scrapbooking.com\/en\/wp-json\/wp\/v2\/media?parent=31019"}],"wp:term":[{"taxonomy":"product_brand","embeddable":true,"href":"https:\/\/www.galerie-scrapbooking.com\/en\/wp-json\/wp\/v2\/product_brand?post=31019"},{"taxonomy":"product_cat","embeddable":true,"href":"https:\/\/www.galerie-scrapbooking.com\/en\/wp-json\/wp\/v2\/product_cat?post=31019"},{"taxonomy":"product_tag","embeddable":true,"href":"https:\/\/www.galerie-scrapbooking.com\/en\/wp-json\/wp\/v2\/product_tag?post=31019"}],"curies":[{"name":"wp","href":"https:\/\/api.w.org\/{rel}","templated":true}]}}