{"id":31018,"date":"2024-02-06T11:31:03","date_gmt":"2024-02-06T16:31:03","guid":{"rendered":"https:\/\/www.galerie-scrapbooking.com\/?post_type=product&#038;p=31018"},"modified":"2024-12-22T12:01:23","modified_gmt":"2024-12-22T17:01:23","slug":"lavinia-etampe-champignons-a-tete-descargot","status":"publish","type":"product","link":"https:\/\/www.galerie-scrapbooking.com\/en\/produit\/lavinia-etampe-champignons-a-tete-descargot\/","title":{"rendered":"Lavinia \u00c9tampe Champignons \u00e0 t\u00eate d&#8217;escargot"},"content":{"rendered":"<p>Un ensemble de deux \u00e9tampes individuelles repr\u00e9sentant deux champignons \u00e9lanc\u00e9s avec des capuchons \u00e0 motifs.<\/p>\n<p>Ces \u00e9tampes d\u00e9taill\u00e9es sont parfaites comme point central d&#8217;une carte de scrapbooking.<\/p>\n<p>Dimension approximative:<\/p>\n<p>8cm x 3cm &#8211; 6cm x 3cm<\/p>\n","protected":false},"excerpt":{"rendered":"<p>Lavinia Stamp &#8211; Snailcap Mushrooms<\/p>\n","protected":false},"featured_media":30974,"template":"","meta":{"_acf_changed":false},"product_brand":[],"product_cat":[423,342],"product_tag":[],"class_list":{"0":"post-31018","1":"product","2":"type-product","3":"status-publish","4":"has-post-thumbnail","6":"product_cat-fleurs-feuillage","7":"product_cat-etampes-lavinia","8":"pa_brand_nc-lavinia","10":"first","11":"instock","12":"taxable","13":"shipping-taxable","14":"purchasable","15":"product-type-simple"},"acf":[],"aioseo_notices":[],"_links":{"self":[{"href":"https:\/\/www.galerie-scrapbooking.com\/en\/wp-json\/wp\/v2\/product\/31018","targetHints":{"allow":["GET"]}}],"collection":[{"href":"https:\/\/www.galerie-scrapbooking.com\/en\/wp-json\/wp\/v2\/product"}],"about":[{"href":"https:\/\/www.galerie-scrapbooking.com\/en\/wp-json\/wp\/v2\/types\/product"}],"wp:featuredmedia":[{"embeddable":true,"href":"https:\/\/www.galerie-scrapbooking.com\/en\/wp-json\/wp\/v2\/media\/30974"}],"wp:attachment":[{"href":"https:\/\/www.galerie-scrapbooking.com\/en\/wp-json\/wp\/v2\/media?parent=31018"}],"wp:term":[{"taxonomy":"product_brand","embeddable":true,"href":"https:\/\/www.galerie-scrapbooking.com\/en\/wp-json\/wp\/v2\/product_brand?post=31018"},{"taxonomy":"product_cat","embeddable":true,"href":"https:\/\/www.galerie-scrapbooking.com\/en\/wp-json\/wp\/v2\/product_cat?post=31018"},{"taxonomy":"product_tag","embeddable":true,"href":"https:\/\/www.galerie-scrapbooking.com\/en\/wp-json\/wp\/v2\/product_tag?post=31018"}],"curies":[{"name":"wp","href":"https:\/\/api.w.org\/{rel}","templated":true}]}}