{"id":31016,"date":"2024-02-06T11:25:53","date_gmt":"2024-02-06T16:25:53","guid":{"rendered":"https:\/\/www.galerie-scrapbooking.com\/?post_type=product&#038;p=31016"},"modified":"2025-03-03T11:59:55","modified_gmt":"2025-03-03T16:59:55","slug":"lavinia-etampe-maison-escargot","status":"publish","type":"product","link":"https:\/\/www.galerie-scrapbooking.com\/en\/produit\/lavinia-etampe-maison-escargot\/","title":{"rendered":"Lavinia \u00c9tampe Maison Escargot"},"content":{"rendered":"<p>Une seule \u00e9tampe repr\u00e9sentant une illustration d\u2019une maison dans une coquille d\u2019escargot.<\/p>\n<p>Cette \u00e9tampe d\u00e9taill\u00e9e pr\u00e9sente un magnifique tourbillon dans la coquille et la porte est gard\u00e9e par deux champignons Thistlecap. Id\u00e9ale pour vos projets de carterie.<\/p>\n<p>Dimension approximative:<\/p>\n<p>6.0cm x 4.5cm<\/p>\n","protected":false},"excerpt":{"rendered":"<p>Lavinia Stamp &#8211; Snail House<\/p>\n","protected":false},"featured_media":30970,"template":"","meta":{"_acf_changed":false},"product_brand":[],"product_cat":[342,424],"product_tag":[],"class_list":{"0":"post-31016","1":"product","2":"type-product","3":"status-publish","4":"has-post-thumbnail","6":"product_cat-etampes-lavinia","7":"product_cat-mystique-zen","8":"pa_brand_nc-lavinia","10":"first","11":"instock","12":"taxable","13":"shipping-taxable","14":"purchasable","15":"product-type-simple"},"acf":[],"aioseo_notices":[],"_links":{"self":[{"href":"https:\/\/www.galerie-scrapbooking.com\/en\/wp-json\/wp\/v2\/product\/31016","targetHints":{"allow":["GET"]}}],"collection":[{"href":"https:\/\/www.galerie-scrapbooking.com\/en\/wp-json\/wp\/v2\/product"}],"about":[{"href":"https:\/\/www.galerie-scrapbooking.com\/en\/wp-json\/wp\/v2\/types\/product"}],"wp:featuredmedia":[{"embeddable":true,"href":"https:\/\/www.galerie-scrapbooking.com\/en\/wp-json\/wp\/v2\/media\/30970"}],"wp:attachment":[{"href":"https:\/\/www.galerie-scrapbooking.com\/en\/wp-json\/wp\/v2\/media?parent=31016"}],"wp:term":[{"taxonomy":"product_brand","embeddable":true,"href":"https:\/\/www.galerie-scrapbooking.com\/en\/wp-json\/wp\/v2\/product_brand?post=31016"},{"taxonomy":"product_cat","embeddable":true,"href":"https:\/\/www.galerie-scrapbooking.com\/en\/wp-json\/wp\/v2\/product_cat?post=31016"},{"taxonomy":"product_tag","embeddable":true,"href":"https:\/\/www.galerie-scrapbooking.com\/en\/wp-json\/wp\/v2\/product_tag?post=31016"}],"curies":[{"name":"wp","href":"https:\/\/api.w.org\/{rel}","templated":true}]}}