{"id":31013,"date":"2024-02-06T11:16:31","date_gmt":"2024-02-06T16:16:31","guid":{"rendered":"https:\/\/www.galerie-scrapbooking.com\/?post_type=product&#038;p=31013"},"modified":"2025-04-12T08:42:33","modified_gmt":"2025-04-12T12:42:33","slug":"lavinia-etampe-botte-de-lutin-petite","status":"publish","type":"product","link":"https:\/\/www.galerie-scrapbooking.com\/en\/produit\/lavinia-etampe-botte-de-lutin-petite\/","title":{"rendered":"Lavinia \u00c9tampe Botte de Lutin petite"},"content":{"rendered":"<p>Une seule \u00e9tampe pr\u00e9sentant une illustration d\u00e9taill\u00e9e d&#8217;une botte de lutin. Disponible en deux tailles.<\/p>\n<p>Cette botte \u00e0 talon \u00e9labor\u00e9e est dot\u00e9e de boutons, de coutures et d&#8217;un bout recourb\u00e9.<\/p>\n<p>Dimension approximative:<\/p>\n<p>9.5cm x 4.5cm<\/p>\n","protected":false},"excerpt":{"rendered":"<p>Lavinia Stamp &#8211; Pixie Boot small<\/p>\n","protected":false},"featured_media":30962,"template":"","meta":{"_acf_changed":false},"product_brand":[],"product_cat":[342,2226,425],"product_tag":[],"class_list":{"0":"post-31013","1":"product","2":"type-product","3":"status-publish","4":"has-post-thumbnail","6":"product_cat-etampes-lavinia","7":"product_cat-objets","8":"product_cat-steampunk","9":"pa_brand_nc-lavinia","11":"first","12":"instock","13":"taxable","14":"shipping-taxable","15":"purchasable","16":"product-type-simple"},"acf":[],"aioseo_notices":[],"_links":{"self":[{"href":"https:\/\/www.galerie-scrapbooking.com\/en\/wp-json\/wp\/v2\/product\/31013","targetHints":{"allow":["GET"]}}],"collection":[{"href":"https:\/\/www.galerie-scrapbooking.com\/en\/wp-json\/wp\/v2\/product"}],"about":[{"href":"https:\/\/www.galerie-scrapbooking.com\/en\/wp-json\/wp\/v2\/types\/product"}],"wp:featuredmedia":[{"embeddable":true,"href":"https:\/\/www.galerie-scrapbooking.com\/en\/wp-json\/wp\/v2\/media\/30962"}],"wp:attachment":[{"href":"https:\/\/www.galerie-scrapbooking.com\/en\/wp-json\/wp\/v2\/media?parent=31013"}],"wp:term":[{"taxonomy":"product_brand","embeddable":true,"href":"https:\/\/www.galerie-scrapbooking.com\/en\/wp-json\/wp\/v2\/product_brand?post=31013"},{"taxonomy":"product_cat","embeddable":true,"href":"https:\/\/www.galerie-scrapbooking.com\/en\/wp-json\/wp\/v2\/product_cat?post=31013"},{"taxonomy":"product_tag","embeddable":true,"href":"https:\/\/www.galerie-scrapbooking.com\/en\/wp-json\/wp\/v2\/product_tag?post=31013"}],"curies":[{"name":"wp","href":"https:\/\/api.w.org\/{rel}","templated":true}]}}