{"id":30898,"date":"2024-01-30T12:03:37","date_gmt":"2024-01-30T17:03:37","guid":{"rendered":"https:\/\/www.galerie-scrapbooking.com\/?post_type=product&#038;p=30898"},"modified":"2026-01-21T15:19:44","modified_gmt":"2026-01-21T20:19:44","slug":"applicateurs-mini-outil-blending-0-75-pouce","status":"publish","type":"product","link":"https:\/\/www.galerie-scrapbooking.com\/en\/produit\/applicateurs-mini-outil-blending-0-75-pouce\/","title":{"rendered":"Applicateurs Mini Outil Blending 0.75 pouce"},"content":{"rendered":"<h1>Applicateurs Mini Outil Blending 0.75 pouce<\/h1>\n<p>Le Tim Holtz Distress Tiny Blending Tool est dot\u00e9 d&#8217;embouts en mousse interchangeables, id\u00e9aux pour appliquer des encres et d&#8217;autres supports sur des zones plus petites de vos projets d&#8217;artisanat.<\/p>\n<p>Le manche en bois offre un contr\u00f4le pratique et la mousse ronde offre plus de coussin pour une application sans d\u00e9g\u00e2ts.<\/p>\n<p>La petite poign\u00e9e de l&#8217;outil de m\u00e9lange mesure 0,75 x 1,75 pouces et la petite mousse de m\u00e9lange mesure 0,75 pouce de diam\u00e8tre.<\/p>\n<p>Ce paquet contient 2 outils et 4 pi\u00e8ces de mousse.<\/p>\n","protected":false},"excerpt":{"rendered":"<p>Mini Ink Blending Tool<\/p>\n","protected":false},"featured_media":30899,"template":"","meta":{"_acf_changed":false},"product_brand":[],"product_cat":[115],"product_tag":[],"class_list":{"0":"post-30898","1":"product","2":"type-product","3":"status-publish","4":"has-post-thumbnail","6":"product_cat-encres-accessoires","7":"pa_brand_nc-tim-holtz","9":"first","10":"instock","11":"taxable","12":"shipping-taxable","13":"purchasable","14":"product-type-simple"},"acf":[],"aioseo_notices":[],"_links":{"self":[{"href":"https:\/\/www.galerie-scrapbooking.com\/en\/wp-json\/wp\/v2\/product\/30898","targetHints":{"allow":["GET"]}}],"collection":[{"href":"https:\/\/www.galerie-scrapbooking.com\/en\/wp-json\/wp\/v2\/product"}],"about":[{"href":"https:\/\/www.galerie-scrapbooking.com\/en\/wp-json\/wp\/v2\/types\/product"}],"wp:featuredmedia":[{"embeddable":true,"href":"https:\/\/www.galerie-scrapbooking.com\/en\/wp-json\/wp\/v2\/media\/30899"}],"wp:attachment":[{"href":"https:\/\/www.galerie-scrapbooking.com\/en\/wp-json\/wp\/v2\/media?parent=30898"}],"wp:term":[{"taxonomy":"product_brand","embeddable":true,"href":"https:\/\/www.galerie-scrapbooking.com\/en\/wp-json\/wp\/v2\/product_brand?post=30898"},{"taxonomy":"product_cat","embeddable":true,"href":"https:\/\/www.galerie-scrapbooking.com\/en\/wp-json\/wp\/v2\/product_cat?post=30898"},{"taxonomy":"product_tag","embeddable":true,"href":"https:\/\/www.galerie-scrapbooking.com\/en\/wp-json\/wp\/v2\/product_tag?post=30898"}],"curies":[{"name":"wp","href":"https:\/\/api.w.org\/{rel}","templated":true}]}}