{"id":30886,"date":"2024-01-30T11:47:29","date_gmt":"2024-01-30T16:47:29","guid":{"rendered":"https:\/\/www.galerie-scrapbooking.com\/?post_type=product&#038;p=30886"},"modified":"2024-08-14T08:00:08","modified_gmt":"2024-08-14T12:00:08","slug":"echo-park-washi-tape-empreintes-de-pas-bebe-fille","status":"publish","type":"product","link":"https:\/\/www.galerie-scrapbooking.com\/en\/produit\/echo-park-washi-tape-empreintes-de-pas-bebe-fille\/","title":{"rendered":"Echo Park Washi Tape Empreintes de pas B\u00e9b\u00e9 Fille"},"content":{"rendered":"<p>Le ruban Washi est un moyen rapide et facile d&#8217;embellir une carte faite \u00e0 la main, une \u00e9tiquette cadeau, une page de scrapbooking, un planificateur, etc.<\/p>\n<p>Il peut ajouter une touche de couleur ou de brillance \u00e0 n&#8217;importe quel projet. Inspirez-vous, apr\u00e8s tout, vous ne pouvez jamais avoir trop de washi tape !<\/p>\n<p>Longueur; 30 pieds<\/p>\n","protected":false},"excerpt":{"rendered":"<p>Special Delivery Baby Girl Washi Tape 30&#8242;<\/p>\n","protected":false},"featured_media":30887,"template":"","meta":{"_acf_changed":false},"product_brand":[],"product_cat":[45,217],"product_tag":[],"class_list":{"0":"post-30886","1":"product","2":"type-product","3":"status-publish","4":"has-post-thumbnail","6":"product_cat-adhesifs-autres","7":"product_cat-washi-tape-scrapbooking","8":"pa_brand_nc-echo-park-paper","10":"first","11":"instock","12":"taxable","13":"shipping-taxable","14":"purchasable","15":"product-type-simple"},"acf":[],"aioseo_notices":[],"_links":{"self":[{"href":"https:\/\/www.galerie-scrapbooking.com\/en\/wp-json\/wp\/v2\/product\/30886","targetHints":{"allow":["GET"]}}],"collection":[{"href":"https:\/\/www.galerie-scrapbooking.com\/en\/wp-json\/wp\/v2\/product"}],"about":[{"href":"https:\/\/www.galerie-scrapbooking.com\/en\/wp-json\/wp\/v2\/types\/product"}],"wp:featuredmedia":[{"embeddable":true,"href":"https:\/\/www.galerie-scrapbooking.com\/en\/wp-json\/wp\/v2\/media\/30887"}],"wp:attachment":[{"href":"https:\/\/www.galerie-scrapbooking.com\/en\/wp-json\/wp\/v2\/media?parent=30886"}],"wp:term":[{"taxonomy":"product_brand","embeddable":true,"href":"https:\/\/www.galerie-scrapbooking.com\/en\/wp-json\/wp\/v2\/product_brand?post=30886"},{"taxonomy":"product_cat","embeddable":true,"href":"https:\/\/www.galerie-scrapbooking.com\/en\/wp-json\/wp\/v2\/product_cat?post=30886"},{"taxonomy":"product_tag","embeddable":true,"href":"https:\/\/www.galerie-scrapbooking.com\/en\/wp-json\/wp\/v2\/product_tag?post=30886"}],"curies":[{"name":"wp","href":"https:\/\/api.w.org\/{rel}","templated":true}]}}