{"id":3088,"date":"2014-01-22T02:53:25","date_gmt":"2014-01-22T02:53:25","guid":{"rendered":"https:\/\/commparlimage.ca\/garage\/herazz\/?product=lettres-damour-bg"},"modified":"2025-10-31T10:56:06","modified_gmt":"2025-10-31T14:56:06","slug":"lettres-d-amour-bg","status":"publish","type":"product","link":"https:\/\/www.galerie-scrapbooking.com\/en\/produit\/lettres-d-amour-bg\/","title":{"rendered":"Lettres d&#8217;amour BG"},"content":{"rendered":"<p>Bouttons Galore boutons \u00e0 th\u00e8me, pour d\u00e9corer vos cartes ou pages d&#8217;amour ou de St-Valentin<\/p>\n<p>9 Boutons par paquet<\/p>\n","protected":false},"excerpt":{"rendered":"<p>Buttons Galore embelissements<\/p>\n","protected":false},"featured_media":3089,"template":"","meta":{"_acf_changed":false},"product_brand":[],"product_cat":[90,210],"product_tag":[],"class_list":{"0":"post-3088","1":"product","2":"type-product","3":"status-publish","4":"has-post-thumbnail","6":"product_cat-boutons-scrapbooking","7":"product_cat-buttons-galore-theme","8":"pa_brand_nc-buttons-galore","10":"first","11":"instock","12":"taxable","13":"shipping-taxable","14":"purchasable","15":"product-type-simple"},"acf":[],"aioseo_notices":[],"_links":{"self":[{"href":"https:\/\/www.galerie-scrapbooking.com\/en\/wp-json\/wp\/v2\/product\/3088","targetHints":{"allow":["GET"]}}],"collection":[{"href":"https:\/\/www.galerie-scrapbooking.com\/en\/wp-json\/wp\/v2\/product"}],"about":[{"href":"https:\/\/www.galerie-scrapbooking.com\/en\/wp-json\/wp\/v2\/types\/product"}],"wp:featuredmedia":[{"embeddable":true,"href":"https:\/\/www.galerie-scrapbooking.com\/en\/wp-json\/wp\/v2\/media\/3089"}],"wp:attachment":[{"href":"https:\/\/www.galerie-scrapbooking.com\/en\/wp-json\/wp\/v2\/media?parent=3088"}],"wp:term":[{"taxonomy":"product_brand","embeddable":true,"href":"https:\/\/www.galerie-scrapbooking.com\/en\/wp-json\/wp\/v2\/product_brand?post=3088"},{"taxonomy":"product_cat","embeddable":true,"href":"https:\/\/www.galerie-scrapbooking.com\/en\/wp-json\/wp\/v2\/product_cat?post=3088"},{"taxonomy":"product_tag","embeddable":true,"href":"https:\/\/www.galerie-scrapbooking.com\/en\/wp-json\/wp\/v2\/product_tag?post=3088"}],"curies":[{"name":"wp","href":"https:\/\/api.w.org\/{rel}","templated":true}]}}