{"id":3076,"date":"2013-12-27T10:56:30","date_gmt":"2013-12-27T10:56:30","guid":{"rendered":"https:\/\/commparlimage.ca\/garage\/herazz\/?product=autocollants-bebe-fille-canard-crochete"},"modified":"2013-12-27T11:31:44","modified_gmt":"2013-12-27T11:31:44","slug":"autocollants-bebe-fille-canard-crochete","status":"publish","type":"product","link":"https:\/\/www.galerie-scrapbooking.com\/en\/produit\/autocollants-bebe-fille-canard-crochete\/","title":{"rendered":"Autocollants B\u00e9b\u00e9 Fille Canard crochet\u00e9"},"content":{"rendered":"<p>Autocollants de scrapbooking dimensionnels de EK Success &#8220;Jolee&#8217;s By You&#8221; parfaits pour embellir vos pages ou vos cartes de scrapbooking.<\/p>\n<p>Grandeurs approximatives: 4.5 X 1.75 pouces<\/p>\n<p>8 autocollants par paquet<\/p>\n","protected":false},"excerpt":{"rendered":"<p>Autocollants de scrapbooking Ek Success<\/p>\n","protected":false},"featured_media":3077,"template":"","meta":{"_acf_changed":false},"product_brand":[],"product_cat":[56],"product_tag":[],"class_list":{"0":"post-3076","1":"product","2":"type-product","3":"status-publish","4":"has-post-thumbnail","6":"product_cat-autocollant-eksuccess","7":"pa_brand_nc-ek-success","9":"first","10":"instock","11":"taxable","12":"shipping-taxable","13":"purchasable","14":"product-type-simple"},"acf":[],"aioseo_notices":[],"_links":{"self":[{"href":"https:\/\/www.galerie-scrapbooking.com\/en\/wp-json\/wp\/v2\/product\/3076","targetHints":{"allow":["GET"]}}],"collection":[{"href":"https:\/\/www.galerie-scrapbooking.com\/en\/wp-json\/wp\/v2\/product"}],"about":[{"href":"https:\/\/www.galerie-scrapbooking.com\/en\/wp-json\/wp\/v2\/types\/product"}],"wp:featuredmedia":[{"embeddable":true,"href":"https:\/\/www.galerie-scrapbooking.com\/en\/wp-json\/wp\/v2\/media\/3077"}],"wp:attachment":[{"href":"https:\/\/www.galerie-scrapbooking.com\/en\/wp-json\/wp\/v2\/media?parent=3076"}],"wp:term":[{"taxonomy":"product_brand","embeddable":true,"href":"https:\/\/www.galerie-scrapbooking.com\/en\/wp-json\/wp\/v2\/product_brand?post=3076"},{"taxonomy":"product_cat","embeddable":true,"href":"https:\/\/www.galerie-scrapbooking.com\/en\/wp-json\/wp\/v2\/product_cat?post=3076"},{"taxonomy":"product_tag","embeddable":true,"href":"https:\/\/www.galerie-scrapbooking.com\/en\/wp-json\/wp\/v2\/product_tag?post=3076"}],"curies":[{"name":"wp","href":"https:\/\/api.w.org\/{rel}","templated":true}]}}