{"id":30732,"date":"2024-01-22T13:27:27","date_gmt":"2024-01-22T18:27:27","guid":{"rendered":"https:\/\/www.galerie-scrapbooking.com\/?post_type=product&#038;p=30732"},"modified":"2026-03-17T10:22:39","modified_gmt":"2026-03-17T14:22:39","slug":"tim-holtz-distress-oxide-spray-scorched-timber","status":"publish","type":"product","link":"https:\/\/www.galerie-scrapbooking.com\/en\/produit\/tim-holtz-distress-oxide-spray-scorched-timber\/","title":{"rendered":"Tim Holtz Distress Oxide Spray Scorched Timber"},"content":{"rendered":"<p>Cr\u00e9e des effets oxyd\u00e9s lorsqu&#8217;il est pulv\u00e9ris\u00e9 avec de l&#8217;eau.<\/p>\n<p>Utiliser pour une couverture d&#8217;encre rapide et facile sur les surfaces poreuses.<\/p>\n<p>\u00c0 utiliser avec des masques, superposer les couleurs, vaporiser avec de l&#8217;eau et regarder la couleur se m\u00e9langer.<\/p>\n<p>Vid\u00e9o de d\u00e9monstration de la couleur:<\/p>\n<p><iframe loading=\"lazy\" title=\"YouTube video player\" src=\"https:\/\/www.youtube.com\/embed\/Mhlbkb9UYDE?si=2mU-BE9xSZV6fvG2\" width=\"560\" height=\"315\" frameborder=\"0\" allowfullscreen=\"allowfullscreen\"><\/iframe><\/p>\n","protected":false},"excerpt":{"rendered":"<p>Tim Holtz Distress Oxide Spray 1.9oz &#8211; Scorched Timber<\/p>\n","protected":false},"featured_media":30733,"template":"","meta":{"_acf_changed":false},"product_brand":[],"product_cat":[338],"product_tag":[],"class_list":{"0":"post-30732","1":"product","2":"type-product","3":"status-publish","4":"has-post-thumbnail","6":"product_cat-distress-oxide-spray","7":"pa_brand_nc-tim-holtz","9":"first","10":"instock","11":"taxable","12":"shipping-taxable","13":"purchasable","14":"product-type-simple"},"acf":[],"aioseo_notices":[],"_links":{"self":[{"href":"https:\/\/www.galerie-scrapbooking.com\/en\/wp-json\/wp\/v2\/product\/30732","targetHints":{"allow":["GET"]}}],"collection":[{"href":"https:\/\/www.galerie-scrapbooking.com\/en\/wp-json\/wp\/v2\/product"}],"about":[{"href":"https:\/\/www.galerie-scrapbooking.com\/en\/wp-json\/wp\/v2\/types\/product"}],"wp:featuredmedia":[{"embeddable":true,"href":"https:\/\/www.galerie-scrapbooking.com\/en\/wp-json\/wp\/v2\/media\/30733"}],"wp:attachment":[{"href":"https:\/\/www.galerie-scrapbooking.com\/en\/wp-json\/wp\/v2\/media?parent=30732"}],"wp:term":[{"taxonomy":"product_brand","embeddable":true,"href":"https:\/\/www.galerie-scrapbooking.com\/en\/wp-json\/wp\/v2\/product_brand?post=30732"},{"taxonomy":"product_cat","embeddable":true,"href":"https:\/\/www.galerie-scrapbooking.com\/en\/wp-json\/wp\/v2\/product_cat?post=30732"},{"taxonomy":"product_tag","embeddable":true,"href":"https:\/\/www.galerie-scrapbooking.com\/en\/wp-json\/wp\/v2\/product_tag?post=30732"}],"curies":[{"name":"wp","href":"https:\/\/api.w.org\/{rel}","templated":true}]}}