{"id":30714,"date":"2024-01-22T13:06:40","date_gmt":"2024-01-22T18:06:40","guid":{"rendered":"https:\/\/www.galerie-scrapbooking.com\/?post_type=product&#038;p=30714"},"modified":"2025-01-20T11:54:16","modified_gmt":"2025-01-20T16:54:16","slug":"distress-ink-scorched-timber","status":"publish","type":"product","link":"https:\/\/www.galerie-scrapbooking.com\/en\/produit\/distress-ink-scorched-timber\/","title":{"rendered":"Distress Ink Scorched Timber"},"content":{"rendered":"<p>Les encres Distress sont sans acide, non-toxiques et sont \u00e0 base d&#8217;eau. Ils sont parfaites pour le style vintage, vieillot ou donner un\u00a0effet de teinture.<\/p>\n<p>Id\u00e9ales pour donner ces effets \u00e0 vos pages, cartes, signets, livres alt\u00e9r\u00e9s ou autres projets de scrapbooking.<\/p>\n<p>(Encrer avec l&#8217;applicateur Blending Foam de Ranger)<\/p>\n<p>Vid\u00e9o de Tim Holtz:<\/p>\n<p><iframe loading=\"lazy\" title=\"YouTube video player\" src=\"https:\/\/www.youtube.com\/embed\/Mhlbkb9UYDE?si=2mU-BE9xSZV6fvG2\" width=\"560\" height=\"315\" frameborder=\"0\" allowfullscreen=\"allowfullscreen\"><\/iframe><\/p>\n","protected":false},"excerpt":{"rendered":"<p>Tim Holtz Distress Ink Pad Scorched Timber<\/p>\n","protected":false},"featured_media":30715,"template":"","meta":{"_acf_changed":false},"product_brand":[],"product_cat":[48],"product_tag":[],"class_list":{"0":"post-30714","1":"product","2":"type-product","3":"status-publish","4":"has-post-thumbnail","6":"product_cat-distress-ink","7":"pa_brand_nc-ranger","9":"first","10":"instock","11":"taxable","12":"shipping-taxable","13":"purchasable","14":"product-type-simple"},"acf":[],"aioseo_notices":[],"_links":{"self":[{"href":"https:\/\/www.galerie-scrapbooking.com\/en\/wp-json\/wp\/v2\/product\/30714","targetHints":{"allow":["GET"]}}],"collection":[{"href":"https:\/\/www.galerie-scrapbooking.com\/en\/wp-json\/wp\/v2\/product"}],"about":[{"href":"https:\/\/www.galerie-scrapbooking.com\/en\/wp-json\/wp\/v2\/types\/product"}],"wp:featuredmedia":[{"embeddable":true,"href":"https:\/\/www.galerie-scrapbooking.com\/en\/wp-json\/wp\/v2\/media\/30715"}],"wp:attachment":[{"href":"https:\/\/www.galerie-scrapbooking.com\/en\/wp-json\/wp\/v2\/media?parent=30714"}],"wp:term":[{"taxonomy":"product_brand","embeddable":true,"href":"https:\/\/www.galerie-scrapbooking.com\/en\/wp-json\/wp\/v2\/product_brand?post=30714"},{"taxonomy":"product_cat","embeddable":true,"href":"https:\/\/www.galerie-scrapbooking.com\/en\/wp-json\/wp\/v2\/product_cat?post=30714"},{"taxonomy":"product_tag","embeddable":true,"href":"https:\/\/www.galerie-scrapbooking.com\/en\/wp-json\/wp\/v2\/product_tag?post=30714"}],"curies":[{"name":"wp","href":"https:\/\/api.w.org\/{rel}","templated":true}]}}