{"id":30706,"date":"2024-01-22T11:54:33","date_gmt":"2024-01-22T16:54:33","guid":{"rendered":"https:\/\/www.galerie-scrapbooking.com\/?post_type=product&#038;p=30706"},"modified":"2024-08-22T15:29:46","modified_gmt":"2024-08-22T19:29:46","slug":"karen-burniston-dies-plate-forme-de-levage-pop-up","status":"publish","type":"product","link":"https:\/\/www.galerie-scrapbooking.com\/en\/produit\/karen-burniston-dies-plate-forme-de-levage-pop-up\/","title":{"rendered":"Karen Burniston Dies Plate-Forme de Levage Pop-up"},"content":{"rendered":"<p>Matrices de d\u00e9coupes de Karen Burniston.<\/p>\n<p>Les matrices Karen Burniston donneront une touche suppl\u00e9mentaire \u00e0 tout projet de papier et sont compatibles avec la plupart des machines de d\u00e9coupe.<\/p>\n<p>Ce paquet contient 9 matrices.<\/p>\n<p>Vid\u00e9o de d\u00e9monstration:<br \/>\n<iframe loading=\"lazy\" width=\"560\" height=\"315\" src=\"https:\/\/www.youtube.com\/embed\/-fFBNH7UXEk?si=CdNRIsVmgNWBA4PU\" title=\"YouTube video player\" frameborder=\"0\" allow=\"accelerometer; autoplay; clipboard-write; encrypted-media; gyroscope; picture-in-picture; web-share\" allowfullscreen><\/iframe><\/p>\n","protected":false},"excerpt":{"rendered":"<p>Karen Burniston Dies &#8211; Raising Platform Pop-up<\/p>\n","protected":false},"featured_media":30707,"template":"","meta":{"_acf_changed":false},"product_brand":[],"product_cat":[351],"product_tag":[],"class_list":{"0":"post-30706","1":"product","2":"type-product","3":"status-publish","4":"has-post-thumbnail","6":"product_cat-karen-burniston-dies-matrices-decoupes","7":"pa_brand_nc-karen-burniston","9":"first","10":"instock","11":"taxable","12":"shipping-taxable","13":"purchasable","14":"product-type-simple"},"acf":[],"aioseo_notices":[],"_links":{"self":[{"href":"https:\/\/www.galerie-scrapbooking.com\/en\/wp-json\/wp\/v2\/product\/30706","targetHints":{"allow":["GET"]}}],"collection":[{"href":"https:\/\/www.galerie-scrapbooking.com\/en\/wp-json\/wp\/v2\/product"}],"about":[{"href":"https:\/\/www.galerie-scrapbooking.com\/en\/wp-json\/wp\/v2\/types\/product"}],"wp:featuredmedia":[{"embeddable":true,"href":"https:\/\/www.galerie-scrapbooking.com\/en\/wp-json\/wp\/v2\/media\/30707"}],"wp:attachment":[{"href":"https:\/\/www.galerie-scrapbooking.com\/en\/wp-json\/wp\/v2\/media?parent=30706"}],"wp:term":[{"taxonomy":"product_brand","embeddable":true,"href":"https:\/\/www.galerie-scrapbooking.com\/en\/wp-json\/wp\/v2\/product_brand?post=30706"},{"taxonomy":"product_cat","embeddable":true,"href":"https:\/\/www.galerie-scrapbooking.com\/en\/wp-json\/wp\/v2\/product_cat?post=30706"},{"taxonomy":"product_tag","embeddable":true,"href":"https:\/\/www.galerie-scrapbooking.com\/en\/wp-json\/wp\/v2\/product_tag?post=30706"}],"curies":[{"name":"wp","href":"https:\/\/api.w.org\/{rel}","templated":true}]}}