{"id":30700,"date":"2024-01-22T11:30:59","date_gmt":"2024-01-22T16:30:59","guid":{"rendered":"https:\/\/www.galerie-scrapbooking.com\/?post_type=product&#038;p=30700"},"modified":"2024-08-14T07:58:34","modified_gmt":"2024-08-14T11:58:34","slug":"little-birdie-fleurettes-scintillantes-jardin-de-fee","status":"publish","type":"product","link":"https:\/\/www.galerie-scrapbooking.com\/en\/produit\/little-birdie-fleurettes-scintillantes-jardin-de-fee\/","title":{"rendered":"Little Birdie Fleurettes Scintillantes Jardin de F\u00e9e"},"content":{"rendered":"<p>Ces fleurs fabriqu\u00e9es \u00e0 la main sont des embellissements parfaits pour ajouter une touche florale classique aux projets.<\/p>\n<p>Vous pouvez les utiliser dans des mises en page de scrapbooking, des cartes, des projets de d\u00e9coration, des \u00e9tiquettes, des supports mixtes, des emballages cadeaux et tout autre projet cr\u00e9atif.<\/p>\n<p>Utilisez-les telles quelles ou personnalisez-les avec des encres, des peintures et des paillettes pour correspondre \u00e0 votre cr\u00e9ation.<\/p>\n<p>Paquet de 80 fleurs.<\/p>\n","protected":false},"excerpt":{"rendered":"<p>Little Birdie Sparkle Florettes Paper Flowers 80\/Pkg &#8211; Fairy Garden<\/p>\n","protected":false},"featured_media":30701,"template":"","meta":{"_acf_changed":false},"product_brand":[],"product_cat":[2064],"product_tag":[],"class_list":{"0":"post-30700","1":"product","2":"type-product","3":"status-publish","4":"has-post-thumbnail","6":"product_cat-little-birdie-embellisements","7":"pa_brand_nc-little-birdie","9":"first","10":"instock","11":"taxable","12":"shipping-taxable","13":"purchasable","14":"product-type-simple"},"acf":[],"aioseo_notices":[],"_links":{"self":[{"href":"https:\/\/www.galerie-scrapbooking.com\/en\/wp-json\/wp\/v2\/product\/30700","targetHints":{"allow":["GET"]}}],"collection":[{"href":"https:\/\/www.galerie-scrapbooking.com\/en\/wp-json\/wp\/v2\/product"}],"about":[{"href":"https:\/\/www.galerie-scrapbooking.com\/en\/wp-json\/wp\/v2\/types\/product"}],"wp:featuredmedia":[{"embeddable":true,"href":"https:\/\/www.galerie-scrapbooking.com\/en\/wp-json\/wp\/v2\/media\/30701"}],"wp:attachment":[{"href":"https:\/\/www.galerie-scrapbooking.com\/en\/wp-json\/wp\/v2\/media?parent=30700"}],"wp:term":[{"taxonomy":"product_brand","embeddable":true,"href":"https:\/\/www.galerie-scrapbooking.com\/en\/wp-json\/wp\/v2\/product_brand?post=30700"},{"taxonomy":"product_cat","embeddable":true,"href":"https:\/\/www.galerie-scrapbooking.com\/en\/wp-json\/wp\/v2\/product_cat?post=30700"},{"taxonomy":"product_tag","embeddable":true,"href":"https:\/\/www.galerie-scrapbooking.com\/en\/wp-json\/wp\/v2\/product_tag?post=30700"}],"curies":[{"name":"wp","href":"https:\/\/api.w.org\/{rel}","templated":true}]}}