{"id":30684,"date":"2024-01-22T11:04:58","date_gmt":"2024-01-22T16:04:58","guid":{"rendered":"https:\/\/www.galerie-scrapbooking.com\/?post_type=product&#038;p=30684"},"modified":"2025-03-03T11:55:44","modified_gmt":"2025-03-03T16:55:44","slug":"elizabeth-craft-die-fleur-sauvage-2","status":"publish","type":"product","link":"https:\/\/www.galerie-scrapbooking.com\/en\/produit\/elizabeth-craft-die-fleur-sauvage-2\/","title":{"rendered":"Elizabeth Craft Die Fleur Sauvage 2"},"content":{"rendered":"<p>Ces matrices sont compatibles avec les principales machines de d\u00e9coupe (vendues s\u00e9par\u00e9ment).<\/p>\n<p>Ces matrices sont con\u00e7ues pour couper du papier, du papier cartonn\u00e9 et d&#8217;autres mat\u00e9riaux fins.<\/p>\n<p>Ces matrices peuvent \u00eatre utilis\u00e9es pour fabriquer des cartes, des pages de scrapbooking, des \u00e9tiquettes, des journaux, des planificateurs et d&#8217;autres projets d&#8217;artisanat en papier.<\/p>\n<p>Ce paquet contient 9 matrices.<\/p>\n","protected":false},"excerpt":{"rendered":"<p>Elizabeth Craft Metal Die &#8211; Wild Flower 2<\/p>\n","protected":false},"featured_media":30685,"template":"","meta":{"_acf_changed":false},"product_brand":[],"product_cat":[235],"product_tag":[],"class_list":{"0":"post-30684","1":"product","2":"type-product","3":"status-publish","4":"has-post-thumbnail","6":"product_cat-elizabeth-craft-matrices-decoupes-dies-scrapbooking","7":"pa_brand_nc-elizabeth-craft-designs","9":"first","10":"instock","11":"taxable","12":"shipping-taxable","13":"purchasable","14":"product-type-simple"},"acf":[],"aioseo_notices":[],"_links":{"self":[{"href":"https:\/\/www.galerie-scrapbooking.com\/en\/wp-json\/wp\/v2\/product\/30684","targetHints":{"allow":["GET"]}}],"collection":[{"href":"https:\/\/www.galerie-scrapbooking.com\/en\/wp-json\/wp\/v2\/product"}],"about":[{"href":"https:\/\/www.galerie-scrapbooking.com\/en\/wp-json\/wp\/v2\/types\/product"}],"wp:featuredmedia":[{"embeddable":true,"href":"https:\/\/www.galerie-scrapbooking.com\/en\/wp-json\/wp\/v2\/media\/30685"}],"wp:attachment":[{"href":"https:\/\/www.galerie-scrapbooking.com\/en\/wp-json\/wp\/v2\/media?parent=30684"}],"wp:term":[{"taxonomy":"product_brand","embeddable":true,"href":"https:\/\/www.galerie-scrapbooking.com\/en\/wp-json\/wp\/v2\/product_brand?post=30684"},{"taxonomy":"product_cat","embeddable":true,"href":"https:\/\/www.galerie-scrapbooking.com\/en\/wp-json\/wp\/v2\/product_cat?post=30684"},{"taxonomy":"product_tag","embeddable":true,"href":"https:\/\/www.galerie-scrapbooking.com\/en\/wp-json\/wp\/v2\/product_tag?post=30684"}],"curies":[{"name":"wp","href":"https:\/\/api.w.org\/{rel}","templated":true}]}}