{"id":30616,"date":"2024-01-17T11:02:00","date_gmt":"2024-01-17T16:02:00","guid":{"rendered":"https:\/\/www.galerie-scrapbooking.com\/produit\/carte-cadeau\/"},"modified":"2024-03-20T14:33:23","modified_gmt":"2024-03-20T18:33:23","slug":"certificat-cadeau","status":"publish","type":"product","link":"https:\/\/www.galerie-scrapbooking.com\/en\/produit\/certificat-cadeau\/","title":{"rendered":"Certificat Cadeau"},"content":{"rendered":"<p><strong>Comment acheter un Certificat Cadeau:<\/strong><\/p>\n<p>Si vous n\u2019avez pas ouvert de compte \u00e0 la boutique, vous devez tout d\u2019abord en ouvrir un, voici les instructions d\u2019ouverture de compte: <a title=\"Comment commander\" href=\"https:\/\/www.galerie-scrapbooking.com\/comment-commander\/\" target=\"_blank\" rel=\"noopener\">Cliquez ici<\/a><\/p>\n<p>Si vous avez d\u00e9j\u00e0 un compte, vous cliquez sur \u201cAjouter au panier\u201d (voir plus bas), puis vous choisissez le montant du certificat cadeau, vous avez le choix entre: 50$, 75$, 100$ ou le montant de votre choix.<\/p>\n<p><strong>Choisir:<\/strong><\/p>\n<p>A moi-m\u00eame: si vous d\u00e9sirez recevoir le certificat cadeau (code d\u2019utilisation).\u00a0 Il vous reste qu\u2019\u00e0 \u00e9crire le code d\u2019utilisation sur une carte et l\u2019offrir \u00e0 la personne d\u00e9sir\u00e9e.<\/p>\n<p>A un(e) ami(e): si vous d\u00e9sirez que la personne, \u00e0 qui vous offez le certificat cadeau, le re\u00e7oive par courriel.\u00a0 Il vous faut remplir tout le formulaire avec l\u2019adresse, le nom et un message pour la personne \u00e0 qui vous l\u2019envoyez.<\/p>\n<p>Puis vous entrez la quantit\u00e9 voulu. Et vous cliquez sur \u201cAjouter au panier\u201d . Le certificat cadeau sera envoy\u00e9 dans votre panier. Lorsque le certificat cadeau sera activ\u00e9 (apr\u00e8s la r\u00e9ception du paiement) vous ou la personne d\u00e9sir\u00e9e recevrez le code de certificat cadeau qui permettra de l\u2019utiliser.<\/p>\n<p>*Si votre commande est plus petite que le montant du Certificat Cadeau, la solde sera applicable \u00e0 une prochaine commande.<\/p>\n<p><strong>TOUJOURS CONSERVER LE CODE DU CERTIFICAT CADEAU, TANT QUE LA SOLDE N\u2019EST PAS \u00c0 Z\u00c9RO.<\/strong><\/p>\n<p><strong>NOTE BIEN:<br \/>\nvous ne pouvez pas compl\u00e9ter une commande avec l\u2019achat d\u2019un certificat cadeau pour \u00e9viter les frais de livraison, seul un achat de 125$ et plus avant taxes de produits vous permet d\u2019avoir des commandes sans frais de livraison.<\/strong><\/p>\n<p>&nbsp;<\/p>\n<p><strong>Comment se servir d\u2019un Certificat Cadeau: <\/strong><\/p>\n<p>Une fois que vous avez votre code de certificat cadeau. Si vous n\u2019avez pas ouvert de compte \u00e0 la boutique, vous devez tout d\u2019abord en ouvrir un, voici les instructions d\u2019ouverture de compte: <a title=\"Comment commander\" href=\"https:\/\/www.galerie-scrapbooking.com\/comment-commander\/\" target=\"_blank\" rel=\"noopener\">Cliquez ici<\/a><\/p>\n<p>Si vous avez un compte, vous entrez les articles d\u00e9sir\u00e9s dans votre panier, puis quand vous avez termin\u00e9 de magasiner, vous entrez le code du certificat cadeau \u00e0 gauche du bouton commander \u00e0 l\u2019endroit indiqu\u00e9. Puis vous cliquez sur\u201d Soumettre\u201d le montant ira se placer sous le montant de votre facture \u00e0 droite, pour finaliser, vous cliquez sur \u201cCommander\u201d.<\/p>\n<p>En plus du code de certificat cadeau, vous recevrez par courriel un NIP. Ce NIP vous permettra, une fois dans votre compte, de v\u00e9rifier le solde de votre certificat cadeau.<\/p>\n","protected":false},"excerpt":{"rendered":"<p>Comment acheter un Certificat Cadeau: Si vous n\u2019avez pas ouvert de compte \u00e0 la boutique, vous devez tout d\u2019abord en ouvrir un, voici les instructions d\u2019ouverture de compte: Cliquez ici Si vous avez d\u00e9j\u00e0 un compte, vous cliquez sur \u201cAjouter au panier\u201d (voir plus bas), puis vous choisissez le montant du certificat cadeau, vous avez <a href=\"https:\/\/www.galerie-scrapbooking.com\/en\/produit\/certificat-cadeau\/\" class=\"more-link\">&#8230;<span class=\"screen-reader-text\">  Certificat Cadeau<\/span><\/a><\/p>\n","protected":false},"featured_media":30621,"template":"","meta":{"_acf_changed":false},"product_brand":[],"product_cat":[181],"product_tag":[],"class_list":{"0":"post-30616","1":"product","2":"type-product","3":"status-publish","4":"has-post-thumbnail","6":"product_cat-herazz-certificat-cadeau","8":"first","9":"instock","10":"purchasable","11":"product-type-pw-gift-card"},"acf":[],"aioseo_notices":[],"_links":{"self":[{"href":"https:\/\/www.galerie-scrapbooking.com\/en\/wp-json\/wp\/v2\/product\/30616","targetHints":{"allow":["GET"]}}],"collection":[{"href":"https:\/\/www.galerie-scrapbooking.com\/en\/wp-json\/wp\/v2\/product"}],"about":[{"href":"https:\/\/www.galerie-scrapbooking.com\/en\/wp-json\/wp\/v2\/types\/product"}],"wp:featuredmedia":[{"embeddable":true,"href":"https:\/\/www.galerie-scrapbooking.com\/en\/wp-json\/wp\/v2\/media\/30621"}],"wp:attachment":[{"href":"https:\/\/www.galerie-scrapbooking.com\/en\/wp-json\/wp\/v2\/media?parent=30616"}],"wp:term":[{"taxonomy":"product_brand","embeddable":true,"href":"https:\/\/www.galerie-scrapbooking.com\/en\/wp-json\/wp\/v2\/product_brand?post=30616"},{"taxonomy":"product_cat","embeddable":true,"href":"https:\/\/www.galerie-scrapbooking.com\/en\/wp-json\/wp\/v2\/product_cat?post=30616"},{"taxonomy":"product_tag","embeddable":true,"href":"https:\/\/www.galerie-scrapbooking.com\/en\/wp-json\/wp\/v2\/product_tag?post=30616"}],"curies":[{"name":"wp","href":"https:\/\/api.w.org\/{rel}","templated":true}]}}