{"id":30502,"date":"2024-01-11T14:10:33","date_gmt":"2024-01-11T19:10:33","guid":{"rendered":"https:\/\/commparlimage.ca\/garage\/herazz\/?post_type=product&#038;p=30502"},"modified":"2024-08-14T07:59:22","modified_gmt":"2024-08-14T11:59:22","slug":"find-it-trading-mini-die-flocon","status":"publish","type":"product","link":"https:\/\/www.galerie-scrapbooking.com\/en\/produit\/find-it-trading-mini-die-flocon\/","title":{"rendered":"Find It Trading mini Die Flocon"},"content":{"rendered":"<p>Ces matrices sont compatibles avec les principales machines de d\u00e9coupe (vendues s\u00e9par\u00e9ment).<\/p>\n<p>Ces matrices sont con\u00e7ues pour couper du papier, du papier cartonn\u00e9 et d&#8217;autres mat\u00e9riaux fins.<\/p>\n<p>Ces matrices peuvent \u00eatre utilis\u00e9es pour cr\u00e9er des cartes, des pages de scrapbooking, des \u00e9tiquettes, des journaux, des planificateurs et d&#8217;autres projets de cr\u00e9ation en papier.<\/p>\n","protected":false},"excerpt":{"rendered":"<p>Find It Trading Essentials Mini Dies &#8211; Snowflake<\/p>\n","protected":false},"featured_media":30503,"template":"","meta":{"_acf_changed":false},"product_brand":[],"product_cat":[334],"product_tag":[],"class_list":{"0":"post-30502","1":"product","2":"type-product","3":"status-publish","4":"has-post-thumbnail","6":"product_cat-marices-de-decoupes-find-it-trading","7":"pa_brand_nc-find-it-trading","9":"first","10":"instock","11":"taxable","12":"shipping-taxable","13":"purchasable","14":"product-type-simple"},"acf":[],"aioseo_notices":[],"_links":{"self":[{"href":"https:\/\/www.galerie-scrapbooking.com\/en\/wp-json\/wp\/v2\/product\/30502","targetHints":{"allow":["GET"]}}],"collection":[{"href":"https:\/\/www.galerie-scrapbooking.com\/en\/wp-json\/wp\/v2\/product"}],"about":[{"href":"https:\/\/www.galerie-scrapbooking.com\/en\/wp-json\/wp\/v2\/types\/product"}],"wp:featuredmedia":[{"embeddable":true,"href":"https:\/\/www.galerie-scrapbooking.com\/en\/wp-json\/wp\/v2\/media\/30503"}],"wp:attachment":[{"href":"https:\/\/www.galerie-scrapbooking.com\/en\/wp-json\/wp\/v2\/media?parent=30502"}],"wp:term":[{"taxonomy":"product_brand","embeddable":true,"href":"https:\/\/www.galerie-scrapbooking.com\/en\/wp-json\/wp\/v2\/product_brand?post=30502"},{"taxonomy":"product_cat","embeddable":true,"href":"https:\/\/www.galerie-scrapbooking.com\/en\/wp-json\/wp\/v2\/product_cat?post=30502"},{"taxonomy":"product_tag","embeddable":true,"href":"https:\/\/www.galerie-scrapbooking.com\/en\/wp-json\/wp\/v2\/product_tag?post=30502"}],"curies":[{"name":"wp","href":"https:\/\/api.w.org\/{rel}","templated":true}]}}