{"id":30499,"date":"2024-01-11T14:01:41","date_gmt":"2024-01-11T19:01:41","guid":{"rendered":"https:\/\/commparlimage.ca\/garage\/herazz\/?post_type=product&#038;p=30499"},"modified":"2025-10-19T23:27:45","modified_gmt":"2025-10-20T03:27:45","slug":"amy-design-dies-jouets-hivernaux","status":"publish","type":"product","link":"https:\/\/www.galerie-scrapbooking.com\/en\/produit\/amy-design-dies-jouets-hivernaux\/","title":{"rendered":"Amy Design dies Jouets Hivernaux"},"content":{"rendered":"<p>Amy Design dies, matrice de d\u00e9coupe . Facile \u00e0 utiliser avec Cuttlebug, Bigshot, Grand calibur, Platinum, Switch ou autres machines du m\u00eame genre.<\/p>\n","protected":false},"excerpt":{"rendered":"<p>Dies &#8211; Amy Design &#8211; Winter Toys<\/p>\n","protected":false},"featured_media":30500,"template":"","meta":{"_acf_changed":false},"product_brand":[],"product_cat":[296],"product_tag":[],"class_list":{"0":"post-30499","1":"product","2":"type-product","3":"status-publish","4":"has-post-thumbnail","6":"product_cat-amy-design-die","7":"pa_brand_nc-amy-design","9":"first","10":"instock","11":"taxable","12":"shipping-taxable","13":"purchasable","14":"product-type-simple"},"acf":[],"aioseo_notices":[],"_links":{"self":[{"href":"https:\/\/www.galerie-scrapbooking.com\/en\/wp-json\/wp\/v2\/product\/30499","targetHints":{"allow":["GET"]}}],"collection":[{"href":"https:\/\/www.galerie-scrapbooking.com\/en\/wp-json\/wp\/v2\/product"}],"about":[{"href":"https:\/\/www.galerie-scrapbooking.com\/en\/wp-json\/wp\/v2\/types\/product"}],"wp:featuredmedia":[{"embeddable":true,"href":"https:\/\/www.galerie-scrapbooking.com\/en\/wp-json\/wp\/v2\/media\/30500"}],"wp:attachment":[{"href":"https:\/\/www.galerie-scrapbooking.com\/en\/wp-json\/wp\/v2\/media?parent=30499"}],"wp:term":[{"taxonomy":"product_brand","embeddable":true,"href":"https:\/\/www.galerie-scrapbooking.com\/en\/wp-json\/wp\/v2\/product_brand?post=30499"},{"taxonomy":"product_cat","embeddable":true,"href":"https:\/\/www.galerie-scrapbooking.com\/en\/wp-json\/wp\/v2\/product_cat?post=30499"},{"taxonomy":"product_tag","embeddable":true,"href":"https:\/\/www.galerie-scrapbooking.com\/en\/wp-json\/wp\/v2\/product_tag?post=30499"}],"curies":[{"name":"wp","href":"https:\/\/api.w.org\/{rel}","templated":true}]}}