{"id":30489,"date":"2024-01-11T13:46:42","date_gmt":"2024-01-11T18:46:42","guid":{"rendered":"https:\/\/commparlimage.ca\/garage\/herazz\/?post_type=product&#038;p=30489"},"modified":"2026-04-20T14:46:11","modified_gmt":"2026-04-20T18:46:11","slug":"stamperia-ensemble-8-x-8-cafe-chocolat","status":"publish","type":"product","link":"https:\/\/www.galerie-scrapbooking.com\/en\/produit\/stamperia-ensemble-8-x-8-cafe-chocolat\/","title":{"rendered":"Stamperia Ensemble 8&#8243; x 8&#8243; Caf\u00e9 &#038; Chocolat"},"content":{"rendered":"<p>Commencez votre projet du bon pied avec le papier parfait pour les pages de scrapbooking, les cartes de souhaits, les signets, les cartes-cadeaux, les supports mixtes et bien plus encore !<\/p>\n<p>Les ensembles de papiers vous offrent la possibilit\u00e9 de planifier facilement des pages de scrapbook car tous les papiers se coordonnent les uns avec les autres.<\/p>\n<p>Ce paquet contient dix feuilles recto-verso de 8 x 8 pouces avec un motif diff\u00e9rent de chaque c\u00f4t\u00e9.<\/p>\n","protected":false},"excerpt":{"rendered":"<p>Stamperia Double-Sided Paper Pad 8&#8243;X8&#8243; 10\/Pkg &#8211; Coffee And Chocolate<\/p>\n","protected":false},"featured_media":30494,"template":"","meta":{"_acf_changed":false},"product_brand":[],"product_cat":[410,345],"product_tag":[],"class_list":{"0":"post-30489","1":"product","2":"type-product","3":"status-publish","4":"has-post-thumbnail","6":"product_cat-papiers-scrapbooking-8x8","7":"product_cat-papiers-stamperia","8":"pa_brand_nc-stamperia","10":"first","11":"instock","12":"taxable","13":"shipping-taxable","14":"purchasable","15":"product-type-simple"},"acf":[],"aioseo_notices":[],"_links":{"self":[{"href":"https:\/\/www.galerie-scrapbooking.com\/en\/wp-json\/wp\/v2\/product\/30489","targetHints":{"allow":["GET"]}}],"collection":[{"href":"https:\/\/www.galerie-scrapbooking.com\/en\/wp-json\/wp\/v2\/product"}],"about":[{"href":"https:\/\/www.galerie-scrapbooking.com\/en\/wp-json\/wp\/v2\/types\/product"}],"wp:featuredmedia":[{"embeddable":true,"href":"https:\/\/www.galerie-scrapbooking.com\/en\/wp-json\/wp\/v2\/media\/30494"}],"wp:attachment":[{"href":"https:\/\/www.galerie-scrapbooking.com\/en\/wp-json\/wp\/v2\/media?parent=30489"}],"wp:term":[{"taxonomy":"product_brand","embeddable":true,"href":"https:\/\/www.galerie-scrapbooking.com\/en\/wp-json\/wp\/v2\/product_brand?post=30489"},{"taxonomy":"product_cat","embeddable":true,"href":"https:\/\/www.galerie-scrapbooking.com\/en\/wp-json\/wp\/v2\/product_cat?post=30489"},{"taxonomy":"product_tag","embeddable":true,"href":"https:\/\/www.galerie-scrapbooking.com\/en\/wp-json\/wp\/v2\/product_tag?post=30489"}],"curies":[{"name":"wp","href":"https:\/\/api.w.org\/{rel}","templated":true}]}}