{"id":30487,"date":"2024-01-11T13:16:53","date_gmt":"2024-01-11T18:16:53","guid":{"rendered":"https:\/\/commparlimage.ca\/garage\/herazz\/?post_type=product&#038;p=30487"},"modified":"2024-10-31T14:10:50","modified_gmt":"2024-10-31T18:10:50","slug":"sizzix-die-thinlits-fabuleuses-fleurs-audacieuses","status":"publish","type":"product","link":"https:\/\/www.galerie-scrapbooking.com\/en\/produit\/sizzix-die-thinlits-fabuleuses-fleurs-audacieuses\/","title":{"rendered":"Sizzix Die Thinlits Fabuleuses Fleurs Audacieuses"},"content":{"rendered":"<p>Cette collection florale est tout simplement fabuleuse !<\/p>\n<p>Pr\u00e9sentant une gamme de fleurs diff\u00e9rentes ainsi que quelques cr\u00e9atures mignonnes, cet ensemble de matrices Thinlits\u00ae est parfait pour une grande vari\u00e9t\u00e9 d&#8217;occasions, de la cr\u00e9ation de couronnes et de bouquets \u00e0 des bouquets plus petits et \u00e0 des tiges simples !<\/p>\n<p>Changez simplement les couleurs en fonction de l&#8217;heureux destinataire ou de la saison !<\/p>\n<p>Ces matrices sont compatibles avec la Switch, Sizzix BIGkick, BigShot, Vagabond et Big Shot Pro.<\/p>\n<p>16 d\u00e9coupes par paquet<\/p>\n<p>Dimensions approximatives:<\/p>\n<p>2 3\/4\u201d x 2 1\/8\u201d &#8211; 1 7\/8\u201d x 1\/2\u201d<\/p>\n","protected":false},"excerpt":{"rendered":"<p>Sizzix\u00ae Thinlits\u00ae Die Set 16PK &#8211; Fabulous Bold Florals<\/p>\n","protected":false},"featured_media":30490,"template":"","meta":{"_acf_changed":false},"product_brand":[],"product_cat":[87,255],"product_tag":[],"class_list":{"0":"post-30487","1":"product","2":"type-product","3":"status-publish","4":"has-post-thumbnail","6":"product_cat-sizzix","7":"product_cat-matrices-thinlits-framelits-sizzix","8":"pa_brand_nc-sizzix","10":"first","11":"instock","12":"taxable","13":"shipping-taxable","14":"purchasable","15":"product-type-simple"},"acf":[],"aioseo_notices":[],"_links":{"self":[{"href":"https:\/\/www.galerie-scrapbooking.com\/en\/wp-json\/wp\/v2\/product\/30487","targetHints":{"allow":["GET"]}}],"collection":[{"href":"https:\/\/www.galerie-scrapbooking.com\/en\/wp-json\/wp\/v2\/product"}],"about":[{"href":"https:\/\/www.galerie-scrapbooking.com\/en\/wp-json\/wp\/v2\/types\/product"}],"wp:featuredmedia":[{"embeddable":true,"href":"https:\/\/www.galerie-scrapbooking.com\/en\/wp-json\/wp\/v2\/media\/30490"}],"wp:attachment":[{"href":"https:\/\/www.galerie-scrapbooking.com\/en\/wp-json\/wp\/v2\/media?parent=30487"}],"wp:term":[{"taxonomy":"product_brand","embeddable":true,"href":"https:\/\/www.galerie-scrapbooking.com\/en\/wp-json\/wp\/v2\/product_brand?post=30487"},{"taxonomy":"product_cat","embeddable":true,"href":"https:\/\/www.galerie-scrapbooking.com\/en\/wp-json\/wp\/v2\/product_cat?post=30487"},{"taxonomy":"product_tag","embeddable":true,"href":"https:\/\/www.galerie-scrapbooking.com\/en\/wp-json\/wp\/v2\/product_tag?post=30487"}],"curies":[{"name":"wp","href":"https:\/\/api.w.org\/{rel}","templated":true}]}}