{"id":3025,"date":"2013-10-10T12:52:14","date_gmt":"2013-10-10T12:52:14","guid":{"rendered":"https:\/\/commparlimage.ca\/garage\/herazz\/?product=peel-off-banderolle-noel-texte-divers-transor"},"modified":"2026-05-02T08:50:18","modified_gmt":"2026-05-02T12:50:18","slug":"peel-off-banderolle-noel-texte-divers-transparent-or","status":"publish","type":"product","link":"https:\/\/www.galerie-scrapbooking.com\/en\/produit\/peel-off-banderolle-noel-texte-divers-transparent-or\/","title":{"rendered":"Peel Off Banderolle No\u00ebl texte divers Trans\/Or"},"content":{"rendered":"<h1>Peel Off Banderolle No\u00ebl texte divers Transparent\/Or<\/h1>\n<p>Les Peel Offs sont tr\u00e8s beaux, ils apportent une touche artistique \u00e0 vos produits. Pour faire une jolie bordure \u00e0 vos cartes de scrapbooking !<\/p>\n<p>Dimensions de la feuille: 10 X 23 cm.<\/p>\n<p>Sans acide<\/p>\n","protected":false},"excerpt":{"rendered":"<p>Peel Off Bordure<\/p>\n","protected":false},"featured_media":3026,"template":"","meta":{"_acf_changed":false},"product_brand":[],"product_cat":[159],"product_tag":[],"class_list":{"0":"post-3025","1":"product","2":"type-product","3":"status-publish","4":"has-post-thumbnail","6":"product_cat-pell-offs-mots-lettrage","7":"pa_brand_nc-doodey","9":"first","10":"instock","11":"taxable","12":"shipping-taxable","13":"purchasable","14":"product-type-simple"},"acf":[],"aioseo_notices":[],"_links":{"self":[{"href":"https:\/\/www.galerie-scrapbooking.com\/en\/wp-json\/wp\/v2\/product\/3025","targetHints":{"allow":["GET"]}}],"collection":[{"href":"https:\/\/www.galerie-scrapbooking.com\/en\/wp-json\/wp\/v2\/product"}],"about":[{"href":"https:\/\/www.galerie-scrapbooking.com\/en\/wp-json\/wp\/v2\/types\/product"}],"wp:featuredmedia":[{"embeddable":true,"href":"https:\/\/www.galerie-scrapbooking.com\/en\/wp-json\/wp\/v2\/media\/3026"}],"wp:attachment":[{"href":"https:\/\/www.galerie-scrapbooking.com\/en\/wp-json\/wp\/v2\/media?parent=3025"}],"wp:term":[{"taxonomy":"product_brand","embeddable":true,"href":"https:\/\/www.galerie-scrapbooking.com\/en\/wp-json\/wp\/v2\/product_brand?post=3025"},{"taxonomy":"product_cat","embeddable":true,"href":"https:\/\/www.galerie-scrapbooking.com\/en\/wp-json\/wp\/v2\/product_cat?post=3025"},{"taxonomy":"product_tag","embeddable":true,"href":"https:\/\/www.galerie-scrapbooking.com\/en\/wp-json\/wp\/v2\/product_tag?post=3025"}],"curies":[{"name":"wp","href":"https:\/\/api.w.org\/{rel}","templated":true}]}}