{"id":2994,"date":"2013-09-12T13:43:48","date_gmt":"2013-09-12T13:43:48","guid":{"rendered":"https:\/\/commparlimage.ca\/garage\/herazz\/?product=sizzix-decorative-strip-ribbon-flags"},"modified":"2024-02-20T08:35:49","modified_gmt":"2024-02-20T13:35:49","slug":"sizzix-decorative-strip-ribbon-flags","status":"publish","type":"product","link":"https:\/\/www.galerie-scrapbooking.com\/en\/produit\/sizzix-decorative-strip-ribbon-flags\/","title":{"rendered":"Sizzix Decorative Strip Ribbon Flags"},"content":{"rendered":"<p>Tim Holtz pour Sizzix &#8211; Matrices \u00e0 d\u00e9coupes (Dies) pour tous vos projets de scrapbooking, cartes de No\u00ebl ou pages de scrapbooking<\/p>\n<p>Grandeur approximative de la\u00a0d\u00e9coupe (flags):<\/p>\n<p>0.75&#8243; X 2&#8243;<\/p>\n<p>\u00c0 utiliser avec des plaques de 13 pouces<\/p>\n<p>Grandeur de la Strip: 2 3\/8&#8243; x 12 5\/8&#8243; x 1\/8&#8243;<\/p>\n","protected":false},"excerpt":{"rendered":"<p>D\u00e9coupe Tim Holtz<\/p>\n","protected":false},"featured_media":2995,"template":"","meta":{"_acf_changed":false},"product_brand":[],"product_cat":[39],"product_tag":[],"class_list":{"0":"post-2994","1":"product","2":"type-product","3":"status-publish","4":"has-post-thumbnail","6":"product_cat-liquidation-scrapbooking","7":"pa_brand_nc-sizzix","9":"first","10":"instock","11":"sale","12":"taxable","13":"shipping-taxable","14":"purchasable","15":"product-type-simple"},"acf":[],"aioseo_notices":[],"_links":{"self":[{"href":"https:\/\/www.galerie-scrapbooking.com\/en\/wp-json\/wp\/v2\/product\/2994","targetHints":{"allow":["GET"]}}],"collection":[{"href":"https:\/\/www.galerie-scrapbooking.com\/en\/wp-json\/wp\/v2\/product"}],"about":[{"href":"https:\/\/www.galerie-scrapbooking.com\/en\/wp-json\/wp\/v2\/types\/product"}],"wp:featuredmedia":[{"embeddable":true,"href":"https:\/\/www.galerie-scrapbooking.com\/en\/wp-json\/wp\/v2\/media\/2995"}],"wp:attachment":[{"href":"https:\/\/www.galerie-scrapbooking.com\/en\/wp-json\/wp\/v2\/media?parent=2994"}],"wp:term":[{"taxonomy":"product_brand","embeddable":true,"href":"https:\/\/www.galerie-scrapbooking.com\/en\/wp-json\/wp\/v2\/product_brand?post=2994"},{"taxonomy":"product_cat","embeddable":true,"href":"https:\/\/www.galerie-scrapbooking.com\/en\/wp-json\/wp\/v2\/product_cat?post=2994"},{"taxonomy":"product_tag","embeddable":true,"href":"https:\/\/www.galerie-scrapbooking.com\/en\/wp-json\/wp\/v2\/product_tag?post=2994"}],"curies":[{"name":"wp","href":"https:\/\/api.w.org\/{rel}","templated":true}]}}