{"id":2866,"date":"2013-06-18T13:17:31","date_gmt":"2013-06-18T13:17:31","guid":{"rendered":"https:\/\/commparlimage.ca\/garage\/herazz\/?product=3d-papier-scrapbooking-bebe-fille"},"modified":"2023-12-23T12:37:53","modified_gmt":"2023-12-23T17:37:53","slug":"3d-papier-scrapbooking-bebe-fille","status":"publish","type":"product","link":"https:\/\/www.galerie-scrapbooking.com\/en\/produit\/3d-papier-scrapbooking-bebe-fille\/","title":{"rendered":"3D Papier Scrapbooking B\u00e9b\u00e9 Fille"},"content":{"rendered":"<p>Parfait pour c\u00e9l\u00e9brer une occasion sp\u00e9ciale en scrapbooking.<\/p>\n<p>Papier 12 X 12 pouces avec un ou des \u00e9l\u00e9ments en 3D<\/p>\n","protected":false},"excerpt":{"rendered":"<p>3D Papier Scrapbooking<\/p>\n","protected":false},"featured_media":2867,"template":"","meta":{"_acf_changed":false},"product_brand":[],"product_cat":[143],"product_tag":[],"class_list":{"0":"post-2866","1":"product","2":"type-product","3":"status-publish","4":"has-post-thumbnail","6":"product_cat-papier-scrapbooking-autres","7":"pa_brand_nc-darice","9":"first","10":"instock","11":"taxable","12":"shipping-taxable","13":"purchasable","14":"product-type-simple"},"acf":[],"aioseo_notices":[],"_links":{"self":[{"href":"https:\/\/www.galerie-scrapbooking.com\/en\/wp-json\/wp\/v2\/product\/2866","targetHints":{"allow":["GET"]}}],"collection":[{"href":"https:\/\/www.galerie-scrapbooking.com\/en\/wp-json\/wp\/v2\/product"}],"about":[{"href":"https:\/\/www.galerie-scrapbooking.com\/en\/wp-json\/wp\/v2\/types\/product"}],"wp:featuredmedia":[{"embeddable":true,"href":"https:\/\/www.galerie-scrapbooking.com\/en\/wp-json\/wp\/v2\/media\/2867"}],"wp:attachment":[{"href":"https:\/\/www.galerie-scrapbooking.com\/en\/wp-json\/wp\/v2\/media?parent=2866"}],"wp:term":[{"taxonomy":"product_brand","embeddable":true,"href":"https:\/\/www.galerie-scrapbooking.com\/en\/wp-json\/wp\/v2\/product_brand?post=2866"},{"taxonomy":"product_cat","embeddable":true,"href":"https:\/\/www.galerie-scrapbooking.com\/en\/wp-json\/wp\/v2\/product_cat?post=2866"},{"taxonomy":"product_tag","embeddable":true,"href":"https:\/\/www.galerie-scrapbooking.com\/en\/wp-json\/wp\/v2\/product_tag?post=2866"}],"curies":[{"name":"wp","href":"https:\/\/api.w.org\/{rel}","templated":true}]}}