{"id":2849,"date":"2013-05-10T10:35:05","date_gmt":"2013-05-10T10:35:05","guid":{"rendered":"https:\/\/commparlimage.ca\/garage\/herazz\/?product=canvas-dartiste-professionnel"},"modified":"2024-03-08T13:35:48","modified_gmt":"2024-03-08T18:35:48","slug":"canvas-d-artiste-professionnel","status":"publish","type":"product","link":"https:\/\/www.galerie-scrapbooking.com\/en\/produit\/canvas-d-artiste-professionnel\/","title":{"rendered":"Canvas d&#8217;Artiste Professionnel"},"content":{"rendered":"<p>Carton entoil\u00e9 pour artistes. Id\u00e9al pour une utilisation\u00a0 avec peinture \u00e0 l&#8217;huile (y compris diluable \u00e0 l&#8217;eau), \u00e0 l&#8217;acrylique et alkyde.<\/p>\n<p>Surface en coton grain moyen. Toile tendue \u00e0 la main pour une tension correcte.<\/p>\n<p>Trois couches d&#8217;enduit par appr\u00eatage sans acide et deux couches de peinture primaire fortement pigment\u00e9e.<\/p>\n<p>Dimension: 8 X 10 pouces<\/p>\n<p>Id\u00e9al pour le mix m\u00e9dia ou pour faire un cadre d\u00e9coratif. Pour voir un exemple d&#8217;une cr\u00e9ation r\u00e9alis\u00e9e avec cette toile <a title=\"Canvas \" href=\"https:\/\/www.facebook.com\/photo.php?fbid=561566123865664&amp;set=a.558457630843180.1073741829.173252789363668&amp;type=1&amp;theater\" target=\"_blank\" rel=\"noopener\">cliquez ici<\/a>.<\/p>\n","protected":false},"excerpt":{"rendered":"<p>Canvas d&#8217;Artiste Professionnel<\/p>\n","protected":false},"featured_media":2850,"template":"","meta":{"_acf_changed":false},"product_brand":[],"product_cat":[132],"product_tag":[],"class_list":{"0":"post-2849","1":"product","2":"type-product","3":"status-publish","4":"has-post-thumbnail","6":"product_cat-outils-accessoires-autres","7":"pa_brand_nc-autres","9":"first","10":"instock","11":"taxable","12":"shipping-taxable","13":"purchasable","14":"product-type-simple"},"acf":[],"aioseo_notices":[],"_links":{"self":[{"href":"https:\/\/www.galerie-scrapbooking.com\/en\/wp-json\/wp\/v2\/product\/2849","targetHints":{"allow":["GET"]}}],"collection":[{"href":"https:\/\/www.galerie-scrapbooking.com\/en\/wp-json\/wp\/v2\/product"}],"about":[{"href":"https:\/\/www.galerie-scrapbooking.com\/en\/wp-json\/wp\/v2\/types\/product"}],"wp:featuredmedia":[{"embeddable":true,"href":"https:\/\/www.galerie-scrapbooking.com\/en\/wp-json\/wp\/v2\/media\/2850"}],"wp:attachment":[{"href":"https:\/\/www.galerie-scrapbooking.com\/en\/wp-json\/wp\/v2\/media?parent=2849"}],"wp:term":[{"taxonomy":"product_brand","embeddable":true,"href":"https:\/\/www.galerie-scrapbooking.com\/en\/wp-json\/wp\/v2\/product_brand?post=2849"},{"taxonomy":"product_cat","embeddable":true,"href":"https:\/\/www.galerie-scrapbooking.com\/en\/wp-json\/wp\/v2\/product_cat?post=2849"},{"taxonomy":"product_tag","embeddable":true,"href":"https:\/\/www.galerie-scrapbooking.com\/en\/wp-json\/wp\/v2\/product_tag?post=2849"}],"curies":[{"name":"wp","href":"https:\/\/api.w.org\/{rel}","templated":true}]}}