{"id":2706,"date":"2013-02-26T11:12:11","date_gmt":"2013-02-26T11:12:11","guid":{"rendered":"https:\/\/commparlimage.ca\/garage\/herazz\/?product=tim-holtz-medaille-emaillee"},"modified":"2013-03-01T12:29:10","modified_gmt":"2013-03-01T12:29:10","slug":"tim-holtz-medaille-emaillee","status":"publish","type":"product","link":"https:\/\/www.galerie-scrapbooking.com\/en\/produit\/tim-holtz-medaille-emaillee\/","title":{"rendered":"Tim Holtz M\u00e9daille \u00e9maill\u00e9e"},"content":{"rendered":"<p>Embellissements &#8211; Tim Holtz.<\/p>\n<p>Une m\u00e9daille m\u00e9tallique d&#8217;aspect vieillot qui peut \u00eatre modifi\u00e9e pas estampillage ou en ajoutant d&#8217;autres motifs comme des rub-ons<\/p>\n<p>6 m&eacute;dailles (tags) par paquet<\/p>\n<p>Environ 0.75 X 1 pouce<\/p>\n","protected":false},"excerpt":{"rendered":"<p>Tim Holtz M\u00e9daille \u00e9maill\u00e9e<\/p>\n","protected":false},"featured_media":2707,"template":"","meta":{"_acf_changed":false},"product_brand":[],"product_cat":[99],"product_tag":[],"class_list":{"0":"post-2706","1":"product","2":"type-product","3":"status-publish","4":"has-post-thumbnail","6":"product_cat-tim-holtz-scrapbooking","7":"pa_brand_nc-tim-holtz","9":"first","10":"instock","11":"taxable","12":"shipping-taxable","13":"purchasable","14":"product-type-simple"},"acf":[],"aioseo_notices":[],"_links":{"self":[{"href":"https:\/\/www.galerie-scrapbooking.com\/en\/wp-json\/wp\/v2\/product\/2706","targetHints":{"allow":["GET"]}}],"collection":[{"href":"https:\/\/www.galerie-scrapbooking.com\/en\/wp-json\/wp\/v2\/product"}],"about":[{"href":"https:\/\/www.galerie-scrapbooking.com\/en\/wp-json\/wp\/v2\/types\/product"}],"wp:featuredmedia":[{"embeddable":true,"href":"https:\/\/www.galerie-scrapbooking.com\/en\/wp-json\/wp\/v2\/media\/2707"}],"wp:attachment":[{"href":"https:\/\/www.galerie-scrapbooking.com\/en\/wp-json\/wp\/v2\/media?parent=2706"}],"wp:term":[{"taxonomy":"product_brand","embeddable":true,"href":"https:\/\/www.galerie-scrapbooking.com\/en\/wp-json\/wp\/v2\/product_brand?post=2706"},{"taxonomy":"product_cat","embeddable":true,"href":"https:\/\/www.galerie-scrapbooking.com\/en\/wp-json\/wp\/v2\/product_cat?post=2706"},{"taxonomy":"product_tag","embeddable":true,"href":"https:\/\/www.galerie-scrapbooking.com\/en\/wp-json\/wp\/v2\/product_tag?post=2706"}],"curies":[{"name":"wp","href":"https:\/\/api.w.org\/{rel}","templated":true}]}}