{"id":2682,"date":"2013-02-15T11:52:40","date_gmt":"2013-02-15T11:52:40","guid":{"rendered":"https:\/\/commparlimage.ca\/garage\/herazz\/?product=lencre-et-limage-poupette-jeanne"},"modified":"2024-02-22T21:19:37","modified_gmt":"2024-02-23T02:19:37","slug":"l-encre-et-l-image-poupette-jeanne","status":"publish","type":"product","link":"https:\/\/www.galerie-scrapbooking.com\/en\/produit\/l-encre-et-l-image-poupette-jeanne\/","title":{"rendered":"L&#8217;Encre et l&#8217;Image Poupette Jeanne"},"content":{"rendered":"<p>\u00c9tampe de la compagnie L&#8217;Encre et l&#8217;Image en caoutchouc, \u00e0 utiliser avec un bloc acrylique. Se nettoie avec le nettoyeur \u00e0 \u00e9tampe (voir section \u00e9tampe\/accessoires)<br \/>\nDimension du paquet: 16 X 5.5 cm.<\/p>\n","protected":false},"excerpt":{"rendered":"<p>\u00c9tampe L&#8217;Encre et l&#8217;Image<\/p>\n","protected":false},"featured_media":2683,"template":"","meta":{"_acf_changed":false},"product_brand":[],"product_cat":[215],"product_tag":[],"class_list":{"0":"post-2682","1":"product","2":"type-product","3":"status-publish","4":"has-post-thumbnail","6":"product_cat-etampes-encre-et-image","7":"pa_brand_nc-lencre-et-limage","9":"first","10":"instock","11":"taxable","12":"shipping-taxable","13":"purchasable","14":"product-type-simple"},"acf":[],"aioseo_notices":[],"_links":{"self":[{"href":"https:\/\/www.galerie-scrapbooking.com\/en\/wp-json\/wp\/v2\/product\/2682","targetHints":{"allow":["GET"]}}],"collection":[{"href":"https:\/\/www.galerie-scrapbooking.com\/en\/wp-json\/wp\/v2\/product"}],"about":[{"href":"https:\/\/www.galerie-scrapbooking.com\/en\/wp-json\/wp\/v2\/types\/product"}],"wp:featuredmedia":[{"embeddable":true,"href":"https:\/\/www.galerie-scrapbooking.com\/en\/wp-json\/wp\/v2\/media\/2683"}],"wp:attachment":[{"href":"https:\/\/www.galerie-scrapbooking.com\/en\/wp-json\/wp\/v2\/media?parent=2682"}],"wp:term":[{"taxonomy":"product_brand","embeddable":true,"href":"https:\/\/www.galerie-scrapbooking.com\/en\/wp-json\/wp\/v2\/product_brand?post=2682"},{"taxonomy":"product_cat","embeddable":true,"href":"https:\/\/www.galerie-scrapbooking.com\/en\/wp-json\/wp\/v2\/product_cat?post=2682"},{"taxonomy":"product_tag","embeddable":true,"href":"https:\/\/www.galerie-scrapbooking.com\/en\/wp-json\/wp\/v2\/product_tag?post=2682"}],"curies":[{"name":"wp","href":"https:\/\/api.w.org\/{rel}","templated":true}]}}