{"id":2672,"date":"2013-02-15T11:43:02","date_gmt":"2013-02-15T11:43:02","guid":{"rendered":"https:\/\/commparlimage.ca\/garage\/herazz\/?product=lencre-et-limage-etampe-mon-quotidien"},"modified":"2024-02-22T21:20:12","modified_gmt":"2024-02-23T02:20:12","slug":"l-encre-et-l-image-etampe-mon-quotidien","status":"publish","type":"product","link":"https:\/\/www.galerie-scrapbooking.com\/en\/produit\/l-encre-et-l-image-etampe-mon-quotidien\/","title":{"rendered":"L&#8217;Encre et l&#8217;Image \u00c9tampe Mon Quotidien"},"content":{"rendered":"<p>\u00c9tampe de la compagnie L&#8217;Encre et l&#8217;Image faite de polym\u00e8re, \u00e0 utiliser avec un bloc acrylique. Se nettoie avec le nettoyeur \u00e0 \u00e9tampe (voir section \u00e9tampe\/accessoires)<br \/>\nDimension du paquet: 10 X 14 cm.<\/p>\n","protected":false},"excerpt":{"rendered":"<p>\u00c9tampe L&#8217;Encre et l&#8217;Image<\/p>\n","protected":false},"featured_media":2673,"template":"","meta":{"_acf_changed":false},"product_brand":[],"product_cat":[215],"product_tag":[],"class_list":{"0":"post-2672","1":"product","2":"type-product","3":"status-publish","4":"has-post-thumbnail","6":"product_cat-etampes-encre-et-image","7":"pa_brand_nc-lencre-et-limage","9":"first","10":"instock","11":"taxable","12":"shipping-taxable","13":"purchasable","14":"product-type-simple"},"acf":[],"aioseo_notices":[],"_links":{"self":[{"href":"https:\/\/www.galerie-scrapbooking.com\/en\/wp-json\/wp\/v2\/product\/2672","targetHints":{"allow":["GET"]}}],"collection":[{"href":"https:\/\/www.galerie-scrapbooking.com\/en\/wp-json\/wp\/v2\/product"}],"about":[{"href":"https:\/\/www.galerie-scrapbooking.com\/en\/wp-json\/wp\/v2\/types\/product"}],"wp:featuredmedia":[{"embeddable":true,"href":"https:\/\/www.galerie-scrapbooking.com\/en\/wp-json\/wp\/v2\/media\/2673"}],"wp:attachment":[{"href":"https:\/\/www.galerie-scrapbooking.com\/en\/wp-json\/wp\/v2\/media?parent=2672"}],"wp:term":[{"taxonomy":"product_brand","embeddable":true,"href":"https:\/\/www.galerie-scrapbooking.com\/en\/wp-json\/wp\/v2\/product_brand?post=2672"},{"taxonomy":"product_cat","embeddable":true,"href":"https:\/\/www.galerie-scrapbooking.com\/en\/wp-json\/wp\/v2\/product_cat?post=2672"},{"taxonomy":"product_tag","embeddable":true,"href":"https:\/\/www.galerie-scrapbooking.com\/en\/wp-json\/wp\/v2\/product_tag?post=2672"}],"curies":[{"name":"wp","href":"https:\/\/api.w.org\/{rel}","templated":true}]}}