{"id":2603,"date":"2012-10-25T13:10:32","date_gmt":"2012-10-25T13:10:32","guid":{"rendered":"https:\/\/commparlimage.ca\/garage\/herazz\/?product=distress-ink-salty-ocean"},"modified":"2026-01-21T13:32:33","modified_gmt":"2026-01-21T18:32:33","slug":"distress-ink-salty-ocean","status":"publish","type":"product","link":"https:\/\/www.galerie-scrapbooking.com\/en\/produit\/distress-ink-salty-ocean\/","title":{"rendered":"Distress Ink Salty Ocean"},"content":{"rendered":"<h1>Tim Holtz Distress Ink Salty Ocean<\/h1>\n<p>Les encres Distress sont sans acide, non-toxiques et sont \u00e0 base d&#8217;eau. Ils sont parfaites pour le style vintage, vieillot ou donner un\u00a0effet de teinture.<\/p>\n<p>Id\u00e9ales pour donner ces effects \u00e0 vos pages, cartes, signets, livres alt\u00e9r\u00e9s ou autres projects de scrapbooking.<\/p>\n<p>(Encrer avec l&#8217;applicateur Blending Foam de Ranger)<\/p>\n","protected":false},"excerpt":{"rendered":"<p>Distress Ink Salty Ocean<\/p>\n","protected":false},"featured_media":2604,"template":"","meta":{"_acf_changed":false},"product_brand":[],"product_cat":[48],"product_tag":[],"class_list":{"0":"post-2603","1":"product","2":"type-product","3":"status-publish","4":"has-post-thumbnail","6":"product_cat-distress-ink","7":"pa_brand_nc-ranger","9":"first","10":"instock","11":"taxable","12":"shipping-taxable","13":"purchasable","14":"product-type-simple"},"acf":[],"aioseo_notices":[],"_links":{"self":[{"href":"https:\/\/www.galerie-scrapbooking.com\/en\/wp-json\/wp\/v2\/product\/2603","targetHints":{"allow":["GET"]}}],"collection":[{"href":"https:\/\/www.galerie-scrapbooking.com\/en\/wp-json\/wp\/v2\/product"}],"about":[{"href":"https:\/\/www.galerie-scrapbooking.com\/en\/wp-json\/wp\/v2\/types\/product"}],"wp:featuredmedia":[{"embeddable":true,"href":"https:\/\/www.galerie-scrapbooking.com\/en\/wp-json\/wp\/v2\/media\/2604"}],"wp:attachment":[{"href":"https:\/\/www.galerie-scrapbooking.com\/en\/wp-json\/wp\/v2\/media?parent=2603"}],"wp:term":[{"taxonomy":"product_brand","embeddable":true,"href":"https:\/\/www.galerie-scrapbooking.com\/en\/wp-json\/wp\/v2\/product_brand?post=2603"},{"taxonomy":"product_cat","embeddable":true,"href":"https:\/\/www.galerie-scrapbooking.com\/en\/wp-json\/wp\/v2\/product_cat?post=2603"},{"taxonomy":"product_tag","embeddable":true,"href":"https:\/\/www.galerie-scrapbooking.com\/en\/wp-json\/wp\/v2\/product_tag?post=2603"}],"curies":[{"name":"wp","href":"https:\/\/api.w.org\/{rel}","templated":true}]}}