{"id":2573,"date":"2012-09-20T11:46:39","date_gmt":"2012-09-20T11:46:39","guid":{"rendered":"https:\/\/commparlimage.ca\/garage\/herazz\/?product=decoupes-en-veneer-ecole"},"modified":"2023-12-23T10:55:21","modified_gmt":"2023-12-23T15:55:21","slug":"decoupes-en-veneer-ecole","status":"publish","type":"product","link":"https:\/\/www.galerie-scrapbooking.com\/en\/produit\/decoupes-en-veneer-ecole\/","title":{"rendered":"D\u00e9coupes en Veneer \u00c9cole"},"content":{"rendered":"<p>D\u00e9coupes en Veneer (bois) de Studio Calico pour embellir vos cartes ou pages de scrapbooking,<\/p>\n<p>Vous pouvez utiliser des Distess Stain, les encrer ou les peinturer avec les Paint Dabber.<\/p>\n<p>Chaque paquet contient 56 d\u00e9coupes.<\/p>\n","protected":false},"excerpt":{"rendered":"<p>D\u00e9coupes en Veneer Personnages<\/p>\n","protected":false},"featured_media":2574,"template":"","meta":{"_acf_changed":false},"product_brand":[],"product_cat":[221],"product_tag":[],"class_list":{"0":"post-2573","1":"product","2":"type-product","3":"status-publish","4":"has-post-thumbnail","6":"product_cat-embellissement-bois","7":"pa_brand_nc-studio-calico","9":"first","10":"instock","11":"taxable","12":"shipping-taxable","13":"purchasable","14":"product-type-simple"},"acf":[],"aioseo_notices":[],"_links":{"self":[{"href":"https:\/\/www.galerie-scrapbooking.com\/en\/wp-json\/wp\/v2\/product\/2573","targetHints":{"allow":["GET"]}}],"collection":[{"href":"https:\/\/www.galerie-scrapbooking.com\/en\/wp-json\/wp\/v2\/product"}],"about":[{"href":"https:\/\/www.galerie-scrapbooking.com\/en\/wp-json\/wp\/v2\/types\/product"}],"wp:featuredmedia":[{"embeddable":true,"href":"https:\/\/www.galerie-scrapbooking.com\/en\/wp-json\/wp\/v2\/media\/2574"}],"wp:attachment":[{"href":"https:\/\/www.galerie-scrapbooking.com\/en\/wp-json\/wp\/v2\/media?parent=2573"}],"wp:term":[{"taxonomy":"product_brand","embeddable":true,"href":"https:\/\/www.galerie-scrapbooking.com\/en\/wp-json\/wp\/v2\/product_brand?post=2573"},{"taxonomy":"product_cat","embeddable":true,"href":"https:\/\/www.galerie-scrapbooking.com\/en\/wp-json\/wp\/v2\/product_cat?post=2573"},{"taxonomy":"product_tag","embeddable":true,"href":"https:\/\/www.galerie-scrapbooking.com\/en\/wp-json\/wp\/v2\/product_tag?post=2573"}],"curies":[{"name":"wp","href":"https:\/\/api.w.org\/{rel}","templated":true}]}}