{"id":2475,"date":"2012-05-07T11:40:58","date_gmt":"2012-05-07T11:40:58","guid":{"rendered":"https:\/\/commparlimage.ca\/garage\/herazz\/?product=metallic-rub-on-kit-3"},"modified":"2025-05-12T14:37:49","modified_gmt":"2025-05-12T18:37:49","slug":"metallic-rub-on-kit-3","status":"publish","type":"product","link":"https:\/\/www.galerie-scrapbooking.com\/en\/produit\/metallic-rub-on-kit-3\/","title":{"rendered":"Metallic Rub-On Kit #3"},"content":{"rendered":"<p>Excellent pour ensoleiller et accentuer vos projets de scrapbooking. Appliquez avec votre doigt en mouvement circulaire. \u00c0 \u00eatre utiliser sur du cardstock, c\u00e9ramique, bois etc.<\/p>\n<p>Assortiment de 7 couleurs par ensemble<\/p>\n","protected":false},"excerpt":{"rendered":"<p>Metallic Rub-On<\/p>\n","protected":false},"featured_media":2476,"template":"","meta":{"_acf_changed":false},"product_brand":[],"product_cat":[168],"product_tag":[],"class_list":{"0":"post-2475","1":"product","2":"type-product","3":"status-publish","4":"has-post-thumbnail","6":"product_cat-metallic-run-on","7":"pa_brand_nc-divers","9":"first","10":"instock","11":"taxable","12":"shipping-taxable","13":"purchasable","14":"product-type-simple"},"acf":[],"aioseo_notices":[],"_links":{"self":[{"href":"https:\/\/www.galerie-scrapbooking.com\/en\/wp-json\/wp\/v2\/product\/2475","targetHints":{"allow":["GET"]}}],"collection":[{"href":"https:\/\/www.galerie-scrapbooking.com\/en\/wp-json\/wp\/v2\/product"}],"about":[{"href":"https:\/\/www.galerie-scrapbooking.com\/en\/wp-json\/wp\/v2\/types\/product"}],"wp:featuredmedia":[{"embeddable":true,"href":"https:\/\/www.galerie-scrapbooking.com\/en\/wp-json\/wp\/v2\/media\/2476"}],"wp:attachment":[{"href":"https:\/\/www.galerie-scrapbooking.com\/en\/wp-json\/wp\/v2\/media?parent=2475"}],"wp:term":[{"taxonomy":"product_brand","embeddable":true,"href":"https:\/\/www.galerie-scrapbooking.com\/en\/wp-json\/wp\/v2\/product_brand?post=2475"},{"taxonomy":"product_cat","embeddable":true,"href":"https:\/\/www.galerie-scrapbooking.com\/en\/wp-json\/wp\/v2\/product_cat?post=2475"},{"taxonomy":"product_tag","embeddable":true,"href":"https:\/\/www.galerie-scrapbooking.com\/en\/wp-json\/wp\/v2\/product_tag?post=2475"}],"curies":[{"name":"wp","href":"https:\/\/api.w.org\/{rel}","templated":true}]}}