{"id":2473,"date":"2012-05-07T11:37:30","date_gmt":"2012-05-07T11:37:30","guid":{"rendered":"https:\/\/commparlimage.ca\/garage\/herazz\/?product=metallic-rub-on-kit-1"},"modified":"2025-05-12T14:37:49","modified_gmt":"2025-05-12T18:37:49","slug":"metallic-rub-on-kit-1","status":"publish","type":"product","link":"https:\/\/www.galerie-scrapbooking.com\/en\/produit\/metallic-rub-on-kit-1\/","title":{"rendered":"Metallic Rub-On Kit #1"},"content":{"rendered":"<p>Excellent pour ensoleiller et accentuer vos projets de scrapbooking. Appliquez avec votre doigt en mouvement circulaire. \u00c0 \u00eatre utiliser sur du cardstock, c\u00e9ramique, bois etc.<\/p>\n<p>Assortiment de 7 couleurs par ensemble<\/p>\n","protected":false},"excerpt":{"rendered":"<p>Metallic Rub-On<\/p>\n","protected":false},"featured_media":2474,"template":"","meta":{"_acf_changed":false},"product_brand":[],"product_cat":[168],"product_tag":[],"class_list":{"0":"post-2473","1":"product","2":"type-product","3":"status-publish","4":"has-post-thumbnail","6":"product_cat-metallic-run-on","7":"pa_brand_nc-divers","9":"first","10":"instock","11":"taxable","12":"shipping-taxable","13":"purchasable","14":"product-type-simple"},"acf":[],"aioseo_notices":[],"_links":{"self":[{"href":"https:\/\/www.galerie-scrapbooking.com\/en\/wp-json\/wp\/v2\/product\/2473","targetHints":{"allow":["GET"]}}],"collection":[{"href":"https:\/\/www.galerie-scrapbooking.com\/en\/wp-json\/wp\/v2\/product"}],"about":[{"href":"https:\/\/www.galerie-scrapbooking.com\/en\/wp-json\/wp\/v2\/types\/product"}],"wp:featuredmedia":[{"embeddable":true,"href":"https:\/\/www.galerie-scrapbooking.com\/en\/wp-json\/wp\/v2\/media\/2474"}],"wp:attachment":[{"href":"https:\/\/www.galerie-scrapbooking.com\/en\/wp-json\/wp\/v2\/media?parent=2473"}],"wp:term":[{"taxonomy":"product_brand","embeddable":true,"href":"https:\/\/www.galerie-scrapbooking.com\/en\/wp-json\/wp\/v2\/product_brand?post=2473"},{"taxonomy":"product_cat","embeddable":true,"href":"https:\/\/www.galerie-scrapbooking.com\/en\/wp-json\/wp\/v2\/product_cat?post=2473"},{"taxonomy":"product_tag","embeddable":true,"href":"https:\/\/www.galerie-scrapbooking.com\/en\/wp-json\/wp\/v2\/product_tag?post=2473"}],"curies":[{"name":"wp","href":"https:\/\/api.w.org\/{rel}","templated":true}]}}