{"id":2425,"date":"2012-03-22T11:27:10","date_gmt":"2012-03-22T11:27:10","guid":{"rendered":"https:\/\/commparlimage.ca\/garage\/herazz\/?product=refill-encre-versafine-onyx-black"},"modified":"2025-12-09T10:13:04","modified_gmt":"2025-12-09T15:13:04","slug":"refill-encre-versafine-onyx-black","status":"publish","type":"product","link":"https:\/\/www.galerie-scrapbooking.com\/en\/produit\/refill-encre-versafine-onyx-black\/","title":{"rendered":"Refill Encre Versafine Onyx Black"},"content":{"rendered":"<h1>Recharge Encre Versafine Onyx Black<\/h1>\n<p>Refill pour encre Versafine :Cette encre donne des d\u00e9tails extr\u00eamement fins. Elle est la plus adapt\u00e9e \u00e0 l\u2019impression de motifs et fait ressortir comme aucune autre les d\u00e9tails des tampons. Elle est ind\u00e9l\u00e9bile, sans acide, r\u00e9siste \u00e0 l\u2019eau, \u00e0 la lumi\u00e8re et ne bave pas. Elle s\u00e8che instantan\u00e9ment sur les supports mats, en revanche, sur un support brillant, elle devra \u00eatre emboss\u00e9e ou s\u00e9ch\u00e9e.<\/p>\n<p>Contenant de 0.5 once<\/p>\n","protected":false},"excerpt":{"rendered":"<p>Refill Encre Versafine<\/p>\n","protected":false},"featured_media":2426,"template":"","meta":{"_acf_changed":false},"product_brand":[],"product_cat":[177],"product_tag":[],"class_list":{"0":"post-2425","1":"product","2":"type-product","3":"status-publish","4":"has-post-thumbnail","6":"product_cat-encre-versafine","7":"pa_brand_nc-tsukineko","9":"first","10":"instock","11":"taxable","12":"shipping-taxable","13":"purchasable","14":"product-type-simple"},"acf":[],"aioseo_notices":[],"_links":{"self":[{"href":"https:\/\/www.galerie-scrapbooking.com\/en\/wp-json\/wp\/v2\/product\/2425","targetHints":{"allow":["GET"]}}],"collection":[{"href":"https:\/\/www.galerie-scrapbooking.com\/en\/wp-json\/wp\/v2\/product"}],"about":[{"href":"https:\/\/www.galerie-scrapbooking.com\/en\/wp-json\/wp\/v2\/types\/product"}],"wp:featuredmedia":[{"embeddable":true,"href":"https:\/\/www.galerie-scrapbooking.com\/en\/wp-json\/wp\/v2\/media\/2426"}],"wp:attachment":[{"href":"https:\/\/www.galerie-scrapbooking.com\/en\/wp-json\/wp\/v2\/media?parent=2425"}],"wp:term":[{"taxonomy":"product_brand","embeddable":true,"href":"https:\/\/www.galerie-scrapbooking.com\/en\/wp-json\/wp\/v2\/product_brand?post=2425"},{"taxonomy":"product_cat","embeddable":true,"href":"https:\/\/www.galerie-scrapbooking.com\/en\/wp-json\/wp\/v2\/product_cat?post=2425"},{"taxonomy":"product_tag","embeddable":true,"href":"https:\/\/www.galerie-scrapbooking.com\/en\/wp-json\/wp\/v2\/product_tag?post=2425"}],"curies":[{"name":"wp","href":"https:\/\/api.w.org\/{rel}","templated":true}]}}