{"id":2415,"date":"2012-03-13T14:35:43","date_gmt":"2012-03-13T14:35:43","guid":{"rendered":"https:\/\/commparlimage.ca\/garage\/herazz\/?product=tim-holtz-water-brush-detailer-brush-nib"},"modified":"2026-03-23T07:04:43","modified_gmt":"2026-03-23T11:04:43","slug":"tim-holtz-water-brush-detailer-brush-nib","status":"publish","type":"product","link":"https:\/\/www.galerie-scrapbooking.com\/en\/produit\/tim-holtz-water-brush-detailer-brush-nib\/","title":{"rendered":"Tim Holtz Water Brush Detailer Brush Nib"},"content":{"rendered":"<h1>Tim Holtz Water Brush Detailer Brush Nib<\/h1>\n<p>Tim Holtz Water Brush, un outil essentiel pour les scrapbookeuses. Avec un petit embout pour les d\u00e9tails.<\/p>\n<p>Tamponnez le Water Brush rempli d&#8217;eau dans des encres \u00e0 base d&#8217;eau, peintures ou des Perfect Pearl. Le Syst\u00e8me pour l&#8217;\u00e9coulement de l&#8217;eau contr\u00f4l\u00e9 vous offre une performance optimale de votre produit.<\/p>\n","protected":false},"excerpt":{"rendered":"<p>Tim Holtz Water Brush Detailer Brush Nib<\/p>\n","protected":false},"featured_media":2416,"template":"","meta":{"_acf_changed":false},"product_brand":[],"product_cat":[115,79,273],"product_tag":[],"class_list":{"0":"post-2415","1":"product","2":"type-product","3":"status-publish","4":"has-post-thumbnail","6":"product_cat-encres-accessoires","7":"product_cat-crayon-aquarelle","8":"product_cat-peinture-aquarelle-watercolor","9":"pa_brand_nc-tim-holtz","11":"first","12":"instock","13":"taxable","14":"shipping-taxable","15":"purchasable","16":"product-type-simple"},"acf":[],"aioseo_notices":[],"_links":{"self":[{"href":"https:\/\/www.galerie-scrapbooking.com\/en\/wp-json\/wp\/v2\/product\/2415","targetHints":{"allow":["GET"]}}],"collection":[{"href":"https:\/\/www.galerie-scrapbooking.com\/en\/wp-json\/wp\/v2\/product"}],"about":[{"href":"https:\/\/www.galerie-scrapbooking.com\/en\/wp-json\/wp\/v2\/types\/product"}],"wp:featuredmedia":[{"embeddable":true,"href":"https:\/\/www.galerie-scrapbooking.com\/en\/wp-json\/wp\/v2\/media\/2416"}],"wp:attachment":[{"href":"https:\/\/www.galerie-scrapbooking.com\/en\/wp-json\/wp\/v2\/media?parent=2415"}],"wp:term":[{"taxonomy":"product_brand","embeddable":true,"href":"https:\/\/www.galerie-scrapbooking.com\/en\/wp-json\/wp\/v2\/product_brand?post=2415"},{"taxonomy":"product_cat","embeddable":true,"href":"https:\/\/www.galerie-scrapbooking.com\/en\/wp-json\/wp\/v2\/product_cat?post=2415"},{"taxonomy":"product_tag","embeddable":true,"href":"https:\/\/www.galerie-scrapbooking.com\/en\/wp-json\/wp\/v2\/product_tag?post=2415"}],"curies":[{"name":"wp","href":"https:\/\/api.w.org\/{rel}","templated":true}]}}