{"id":2411,"date":"2012-02-26T13:00:27","date_gmt":"2012-02-26T13:00:27","guid":{"rendered":"https:\/\/commparlimage.ca\/garage\/herazz\/?product=butterfly-kisses-bg"},"modified":"2024-03-09T12:57:37","modified_gmt":"2024-03-09T17:57:37","slug":"butterfly-kisses-bg","status":"publish","type":"product","link":"https:\/\/www.galerie-scrapbooking.com\/en\/produit\/butterfly-kisses-bg\/","title":{"rendered":"Butterfly Kisses BG"},"content":{"rendered":"<p>Buttons Galore boutons \u00e0 th\u00e8mes d\u00e9coratifs. Pour d\u00e9corer vos pages ou vos cartes de scrapbooking<\/p>\n<p>10 boutons par paquet<\/p>\n","protected":false},"excerpt":{"rendered":"<p>Buttons Galore boutons \u00e0 th\u00e8mes d\u00e9coratifs.<\/p>\n","protected":false},"featured_media":2412,"template":"","meta":{"_acf_changed":false},"product_brand":[],"product_cat":[90,210],"product_tag":[],"class_list":{"0":"post-2411","1":"product","2":"type-product","3":"status-publish","4":"has-post-thumbnail","6":"product_cat-boutons-scrapbooking","7":"product_cat-buttons-galore-theme","8":"pa_brand_nc-buttons-galore","10":"first","11":"instock","12":"taxable","13":"shipping-taxable","14":"purchasable","15":"product-type-simple"},"acf":[],"aioseo_notices":[],"_links":{"self":[{"href":"https:\/\/www.galerie-scrapbooking.com\/en\/wp-json\/wp\/v2\/product\/2411","targetHints":{"allow":["GET"]}}],"collection":[{"href":"https:\/\/www.galerie-scrapbooking.com\/en\/wp-json\/wp\/v2\/product"}],"about":[{"href":"https:\/\/www.galerie-scrapbooking.com\/en\/wp-json\/wp\/v2\/types\/product"}],"wp:featuredmedia":[{"embeddable":true,"href":"https:\/\/www.galerie-scrapbooking.com\/en\/wp-json\/wp\/v2\/media\/2412"}],"wp:attachment":[{"href":"https:\/\/www.galerie-scrapbooking.com\/en\/wp-json\/wp\/v2\/media?parent=2411"}],"wp:term":[{"taxonomy":"product_brand","embeddable":true,"href":"https:\/\/www.galerie-scrapbooking.com\/en\/wp-json\/wp\/v2\/product_brand?post=2411"},{"taxonomy":"product_cat","embeddable":true,"href":"https:\/\/www.galerie-scrapbooking.com\/en\/wp-json\/wp\/v2\/product_cat?post=2411"},{"taxonomy":"product_tag","embeddable":true,"href":"https:\/\/www.galerie-scrapbooking.com\/en\/wp-json\/wp\/v2\/product_tag?post=2411"}],"curies":[{"name":"wp","href":"https:\/\/api.w.org\/{rel}","templated":true}]}}