{"id":2333,"date":"2012-01-06T11:55:00","date_gmt":"2012-01-06T11:55:00","guid":{"rendered":"https:\/\/commparlimage.ca\/garage\/herazz\/?product=snow-tex-2-onces"},"modified":"2025-11-03T10:48:12","modified_gmt":"2025-11-03T15:48:12","slug":"snow-tex-2-onces","status":"publish","type":"product","link":"https:\/\/www.galerie-scrapbooking.com\/en\/produit\/snow-tex-2-onces\/","title":{"rendered":"Snow-Tex 2 onces"},"content":{"rendered":"<p>Snow-Tex est un produit qui donne de la texture \u00e0 vos projets de scrapbooking.<\/p>\n<p>Il est parfait pour donner l&#8217;effet de vraie neige sur vos cartes ou pages de scrapbooking.<\/p>\n<p>Se nettoie \u00e0 l&#8217;eau et au savon et est non toxique.<\/p>\n<p>Pot de 2 onces<\/p>\n<p><span style=\"text-decoration: underline;\">Fonctionnement du Snow-Tex:<\/span><\/p>\n<p>Appliquer au pinceau, \u00e0 l&#8217;\u00e9ponge, \u00e0 la spatule ou autre outil pour recr\u00e9er des aspects dimensionnels r\u00e9alistes comme ceux de la neige, du stucco, du terrain, etc. Adh\u00e8re \u00e0 toutes les surfaces. Dilution \u00e0 l&#8217;eau. Accepte les colorants acryliques. Sec en 2 \u00e0 3 heures. Les couches plus \u00e9paisses requi\u00e8rent plus de temps pour s\u00e9cher. Nettoyage \u00e0 l&#8217;eau.<\/p>\n","protected":false},"excerpt":{"rendered":"<p>Snow-Tex<\/p>\n","protected":false},"featured_media":2334,"template":"","meta":{"_acf_changed":false},"product_brand":[],"product_cat":[110],"product_tag":[],"class_list":{"0":"post-2333","1":"product","2":"type-product","3":"status-publish","4":"has-post-thumbnail","6":"product_cat-embellissement-scrapbooking-autres","7":"pa_brand_nc-divers","9":"first","10":"instock","11":"taxable","12":"shipping-taxable","13":"purchasable","14":"product-type-simple"},"acf":[],"aioseo_notices":[],"_links":{"self":[{"href":"https:\/\/www.galerie-scrapbooking.com\/en\/wp-json\/wp\/v2\/product\/2333","targetHints":{"allow":["GET"]}}],"collection":[{"href":"https:\/\/www.galerie-scrapbooking.com\/en\/wp-json\/wp\/v2\/product"}],"about":[{"href":"https:\/\/www.galerie-scrapbooking.com\/en\/wp-json\/wp\/v2\/types\/product"}],"wp:featuredmedia":[{"embeddable":true,"href":"https:\/\/www.galerie-scrapbooking.com\/en\/wp-json\/wp\/v2\/media\/2334"}],"wp:attachment":[{"href":"https:\/\/www.galerie-scrapbooking.com\/en\/wp-json\/wp\/v2\/media?parent=2333"}],"wp:term":[{"taxonomy":"product_brand","embeddable":true,"href":"https:\/\/www.galerie-scrapbooking.com\/en\/wp-json\/wp\/v2\/product_brand?post=2333"},{"taxonomy":"product_cat","embeddable":true,"href":"https:\/\/www.galerie-scrapbooking.com\/en\/wp-json\/wp\/v2\/product_cat?post=2333"},{"taxonomy":"product_tag","embeddable":true,"href":"https:\/\/www.galerie-scrapbooking.com\/en\/wp-json\/wp\/v2\/product_tag?post=2333"}],"curies":[{"name":"wp","href":"https:\/\/api.w.org\/{rel}","templated":true}]}}