{"id":2309,"date":"2011-11-23T08:46:57","date_gmt":"2011-11-23T08:46:57","guid":{"rendered":"https:\/\/commparlimage.ca\/garage\/herazz\/?product=breloques-charms-noel-2"},"modified":"2024-12-29T14:18:45","modified_gmt":"2024-12-29T19:18:45","slug":"breloques-charms-noel-2","status":"publish","type":"product","link":"https:\/\/www.galerie-scrapbooking.com\/en\/produit\/breloques-charms-noel-2\/","title":{"rendered":"Breloques (Charms) No\u00ebl 2"},"content":{"rendered":"<p> Magnifiques breloques en m\u00e9tal emaill\u00e9es, qui embelliront vos cartes, pages ou tout autre projet de scrapbooking.<\/p>\n<p>5 breloques par paquet<\/p>\n","protected":false},"excerpt":{"rendered":"<p>Breloques (Charms) No\u00ebl 2<\/p>\n","protected":false},"featured_media":2310,"template":"","meta":{"_acf_changed":false},"product_brand":[],"product_cat":[93],"product_tag":[],"class_list":{"0":"post-2309","1":"product","2":"type-product","3":"status-publish","4":"has-post-thumbnail","6":"product_cat-charms-scrapbooking","7":"pa_brand_nc-herazz","9":"first","10":"instock","11":"taxable","12":"shipping-taxable","13":"purchasable","14":"product-type-simple"},"acf":[],"aioseo_notices":[],"_links":{"self":[{"href":"https:\/\/www.galerie-scrapbooking.com\/en\/wp-json\/wp\/v2\/product\/2309","targetHints":{"allow":["GET"]}}],"collection":[{"href":"https:\/\/www.galerie-scrapbooking.com\/en\/wp-json\/wp\/v2\/product"}],"about":[{"href":"https:\/\/www.galerie-scrapbooking.com\/en\/wp-json\/wp\/v2\/types\/product"}],"wp:featuredmedia":[{"embeddable":true,"href":"https:\/\/www.galerie-scrapbooking.com\/en\/wp-json\/wp\/v2\/media\/2310"}],"wp:attachment":[{"href":"https:\/\/www.galerie-scrapbooking.com\/en\/wp-json\/wp\/v2\/media?parent=2309"}],"wp:term":[{"taxonomy":"product_brand","embeddable":true,"href":"https:\/\/www.galerie-scrapbooking.com\/en\/wp-json\/wp\/v2\/product_brand?post=2309"},{"taxonomy":"product_cat","embeddable":true,"href":"https:\/\/www.galerie-scrapbooking.com\/en\/wp-json\/wp\/v2\/product_cat?post=2309"},{"taxonomy":"product_tag","embeddable":true,"href":"https:\/\/www.galerie-scrapbooking.com\/en\/wp-json\/wp\/v2\/product_tag?post=2309"}],"curies":[{"name":"wp","href":"https:\/\/api.w.org\/{rel}","templated":true}]}}