{"id":2281,"date":"2011-11-03T13:32:59","date_gmt":"2011-11-03T13:32:59","guid":{"rendered":"https:\/\/commparlimage.ca\/garage\/herazz\/?product=cheery-lynn-bordure-christmas-sleigh"},"modified":"2016-05-31T12:46:17","modified_gmt":"2016-05-31T12:46:17","slug":"cheery-lynn-coins-lacey-pumpkin-flourish","status":"publish","type":"product","link":"https:\/\/www.galerie-scrapbooking.com\/en\/produit\/cheery-lynn-coins-lacey-pumpkin-flourish\/","title":{"rendered":"Cheery Lynn Bordure Christmas Sleigh"},"content":{"rendered":"<p>Cherry Lynn d\u00e9coupes, Bordure Christmas Sleigh, pour d\u00e9couper parfaitement le papier, facile \u00e0 utiliser avec la Cuttlebug, Vagabond, Grand calibur ou autres machines du m\u00eame genre<\/p>\n<p>Grandeurs :  8\u201d x 1\u201d <\/p>\n<p>1 d\u00e9coupe par paquet<\/p>\n","protected":false},"excerpt":{"rendered":"<p>Cheery Lynn d\u00e9coupes<\/p>\n","protected":false},"featured_media":2282,"template":"","meta":{"_acf_changed":false},"product_brand":[],"product_cat":[272],"product_tag":[],"class_list":{"0":"post-2281","1":"product","2":"type-product","3":"status-publish","4":"has-post-thumbnail","6":"product_cat-cheery-lynn-die","7":"pa_brand_nc-cheery-lynn","9":"first","10":"instock","11":"taxable","12":"shipping-taxable","13":"purchasable","14":"product-type-simple"},"acf":[],"aioseo_notices":[],"_links":{"self":[{"href":"https:\/\/www.galerie-scrapbooking.com\/en\/wp-json\/wp\/v2\/product\/2281","targetHints":{"allow":["GET"]}}],"collection":[{"href":"https:\/\/www.galerie-scrapbooking.com\/en\/wp-json\/wp\/v2\/product"}],"about":[{"href":"https:\/\/www.galerie-scrapbooking.com\/en\/wp-json\/wp\/v2\/types\/product"}],"wp:featuredmedia":[{"embeddable":true,"href":"https:\/\/www.galerie-scrapbooking.com\/en\/wp-json\/wp\/v2\/media\/2282"}],"wp:attachment":[{"href":"https:\/\/www.galerie-scrapbooking.com\/en\/wp-json\/wp\/v2\/media?parent=2281"}],"wp:term":[{"taxonomy":"product_brand","embeddable":true,"href":"https:\/\/www.galerie-scrapbooking.com\/en\/wp-json\/wp\/v2\/product_brand?post=2281"},{"taxonomy":"product_cat","embeddable":true,"href":"https:\/\/www.galerie-scrapbooking.com\/en\/wp-json\/wp\/v2\/product_cat?post=2281"},{"taxonomy":"product_tag","embeddable":true,"href":"https:\/\/www.galerie-scrapbooking.com\/en\/wp-json\/wp\/v2\/product_tag?post=2281"}],"curies":[{"name":"wp","href":"https:\/\/api.w.org\/{rel}","templated":true}]}}