{"id":2278,"date":"2011-10-27T14:46:15","date_gmt":"2011-10-27T14:46:15","guid":{"rendered":"https:\/\/commparlimage.ca\/garage\/herazz\/?product=sizzix-alterations-die-pick"},"modified":"2025-12-11T11:35:54","modified_gmt":"2025-12-11T16:35:54","slug":"sizzix-alterations-die-pick","status":"publish","type":"product","link":"https:\/\/www.galerie-scrapbooking.com\/en\/produit\/sizzix-alterations-die-pick\/","title":{"rendered":"Sizzix Die Pick"},"content":{"rendered":"<h1>Sizzix Die Pick<\/h1>\n<p>Cet outil facile \u00e0 utiliser est dot\u00e9 d&#8217;une poign\u00e9e ergonomique et est id\u00e9al pour retirer les petits morceaux de papier des tapis de d\u00e9coupe et m\u00eame des matrices Sizzix.<\/p>\n<p>Il est \u00e9galement utile pour de nombreux autres loisirs cr\u00e9atifs.<\/p>\n<p>Ce paquet contient un outil de 12,7 cm avec capuchon.<\/p>\n<p>Attention : la pointe est coupante.<\/p>\n","protected":false},"excerpt":{"rendered":"<p>Sizzix Die Pick<\/p>\n","protected":false},"featured_media":37095,"template":"","meta":{"_acf_changed":false},"product_brand":[],"product_cat":[231,87,386],"product_tag":[],"class_list":{"0":"post-2278","1":"product","2":"type-product","3":"status-publish","4":"has-post-thumbnail","6":"product_cat-sizzix-accessoires","7":"product_cat-sizzix","8":"product_cat-tim-holtz-ranger","9":"pa_brand_nc-sizzix","11":"first","12":"instock","13":"taxable","14":"shipping-taxable","15":"purchasable","16":"product-type-simple"},"acf":[],"aioseo_notices":[],"_links":{"self":[{"href":"https:\/\/www.galerie-scrapbooking.com\/en\/wp-json\/wp\/v2\/product\/2278","targetHints":{"allow":["GET"]}}],"collection":[{"href":"https:\/\/www.galerie-scrapbooking.com\/en\/wp-json\/wp\/v2\/product"}],"about":[{"href":"https:\/\/www.galerie-scrapbooking.com\/en\/wp-json\/wp\/v2\/types\/product"}],"wp:featuredmedia":[{"embeddable":true,"href":"https:\/\/www.galerie-scrapbooking.com\/en\/wp-json\/wp\/v2\/media\/37095"}],"wp:attachment":[{"href":"https:\/\/www.galerie-scrapbooking.com\/en\/wp-json\/wp\/v2\/media?parent=2278"}],"wp:term":[{"taxonomy":"product_brand","embeddable":true,"href":"https:\/\/www.galerie-scrapbooking.com\/en\/wp-json\/wp\/v2\/product_brand?post=2278"},{"taxonomy":"product_cat","embeddable":true,"href":"https:\/\/www.galerie-scrapbooking.com\/en\/wp-json\/wp\/v2\/product_cat?post=2278"},{"taxonomy":"product_tag","embeddable":true,"href":"https:\/\/www.galerie-scrapbooking.com\/en\/wp-json\/wp\/v2\/product_tag?post=2278"}],"curies":[{"name":"wp","href":"https:\/\/api.w.org\/{rel}","templated":true}]}}