{"id":2268,"date":"2011-10-14T12:15:55","date_gmt":"2011-10-14T12:15:55","guid":{"rendered":"https:\/\/commparlimage.ca\/garage\/herazz\/?product=emboss-it-foam-pad"},"modified":"2025-11-11T14:12:56","modified_gmt":"2025-11-11T19:12:56","slug":"emboss-it-foam-pad","status":"publish","type":"product","link":"https:\/\/www.galerie-scrapbooking.com\/en\/produit\/emboss-it-foam-pad\/","title":{"rendered":"Emboss It Foam Pad"},"content":{"rendered":"<h1>Emboss It Foam Pad<\/h1>\n<p>Le tampon encreur Emboss It est sp\u00e9cialement con\u00e7u avec une encre \u00e0 embosser transparente qui reste humide longtemps, vous permettant ainsi de pr\u00e9parer votre motif et de saupoudrer votre poudre \u00e0 embosser.<\/p>\n<p>Sans acide et non toxique. Id\u00e9al pour les poudres \u00e0 embosser Ranger.<\/p>\n","protected":false},"excerpt":{"rendered":"<p>Emboss It Foam Pad<\/p>\n","protected":false},"featured_media":2269,"template":"","meta":{"_acf_changed":false},"product_brand":[],"product_cat":[306,115,111],"product_tag":[],"class_list":{"0":"post-2268","1":"product","2":"type-product","3":"status-publish","4":"has-post-thumbnail","6":"product_cat-accessoire-embossage","7":"product_cat-encres-accessoires","8":"product_cat-embossage-scrapbooking","9":"pa_brand_nc-ranger","11":"first","12":"instock","13":"taxable","14":"shipping-taxable","15":"purchasable","16":"product-type-simple"},"acf":[],"aioseo_notices":[],"_links":{"self":[{"href":"https:\/\/www.galerie-scrapbooking.com\/en\/wp-json\/wp\/v2\/product\/2268","targetHints":{"allow":["GET"]}}],"collection":[{"href":"https:\/\/www.galerie-scrapbooking.com\/en\/wp-json\/wp\/v2\/product"}],"about":[{"href":"https:\/\/www.galerie-scrapbooking.com\/en\/wp-json\/wp\/v2\/types\/product"}],"wp:featuredmedia":[{"embeddable":true,"href":"https:\/\/www.galerie-scrapbooking.com\/en\/wp-json\/wp\/v2\/media\/2269"}],"wp:attachment":[{"href":"https:\/\/www.galerie-scrapbooking.com\/en\/wp-json\/wp\/v2\/media?parent=2268"}],"wp:term":[{"taxonomy":"product_brand","embeddable":true,"href":"https:\/\/www.galerie-scrapbooking.com\/en\/wp-json\/wp\/v2\/product_brand?post=2268"},{"taxonomy":"product_cat","embeddable":true,"href":"https:\/\/www.galerie-scrapbooking.com\/en\/wp-json\/wp\/v2\/product_cat?post=2268"},{"taxonomy":"product_tag","embeddable":true,"href":"https:\/\/www.galerie-scrapbooking.com\/en\/wp-json\/wp\/v2\/product_tag?post=2268"}],"curies":[{"name":"wp","href":"https:\/\/api.w.org\/{rel}","templated":true}]}}