{"id":2242,"date":"2011-09-01T09:49:23","date_gmt":"2011-09-01T09:49:23","guid":{"rendered":"https:\/\/commparlimage.ca\/garage\/herazz\/?product=adapteur-plaque-de-decoupe-en-metal"},"modified":"2025-04-29T16:30:07","modified_gmt":"2025-04-29T20:30:07","slug":"adapteur-plaque-de-decoupe-en-metal","status":"publish","type":"product","link":"https:\/\/www.galerie-scrapbooking.com\/en\/produit\/adapteur-plaque-de-decoupe-en-metal\/","title":{"rendered":"Taylored Expressions Adapteur Plaque de d\u00e9coupe en m\u00e9tal"},"content":{"rendered":"<h1>Taylored Expressions Adapteur Plaque de d\u00e9coupe en m\u00e9tal<\/h1>\n<p>Cet adapteur (Plaque de d\u00e9coupe en m\u00e9tal) est utilis\u00e9 comme une base de coupe (shim) pour les matrices de d\u00e9coupes aux formes complexes, tr\u00e8s d\u00e9taill\u00e9es.<\/p>\n<p>Peut \u00eatre utilis\u00e9 avec\u00a0 la Big Shot. Pas recommand\u00e9 pour la Grand calibur<\/p>\n<p>Elle peut \u00eatre marqu\u00e9e et m\u00eame caboss\u00e9e, mais continuera toujours \u00e0 \u00eatre un excellent outil.<\/p>\n<p>&nbsp;<\/p>\n<p>Grandeurs: 6&#8243; x 8&#8243;<\/p>\n","protected":false},"excerpt":{"rendered":"<p>Taylored Expressions Metal shim<\/p>\n","protected":false},"featured_media":35709,"template":"","meta":{"_acf_changed":false},"product_brand":[],"product_cat":[182],"product_tag":[],"class_list":{"0":"post-2242","1":"product","2":"type-product","3":"status-publish","4":"has-post-thumbnail","6":"product_cat-decoupes-autres-scrapbooking","7":"pa_brand_nc-autres","9":"first","10":"instock","11":"taxable","12":"shipping-taxable","13":"purchasable","14":"product-type-simple"},"acf":[],"aioseo_notices":[],"_links":{"self":[{"href":"https:\/\/www.galerie-scrapbooking.com\/en\/wp-json\/wp\/v2\/product\/2242","targetHints":{"allow":["GET"]}}],"collection":[{"href":"https:\/\/www.galerie-scrapbooking.com\/en\/wp-json\/wp\/v2\/product"}],"about":[{"href":"https:\/\/www.galerie-scrapbooking.com\/en\/wp-json\/wp\/v2\/types\/product"}],"wp:featuredmedia":[{"embeddable":true,"href":"https:\/\/www.galerie-scrapbooking.com\/en\/wp-json\/wp\/v2\/media\/35709"}],"wp:attachment":[{"href":"https:\/\/www.galerie-scrapbooking.com\/en\/wp-json\/wp\/v2\/media?parent=2242"}],"wp:term":[{"taxonomy":"product_brand","embeddable":true,"href":"https:\/\/www.galerie-scrapbooking.com\/en\/wp-json\/wp\/v2\/product_brand?post=2242"},{"taxonomy":"product_cat","embeddable":true,"href":"https:\/\/www.galerie-scrapbooking.com\/en\/wp-json\/wp\/v2\/product_cat?post=2242"},{"taxonomy":"product_tag","embeddable":true,"href":"https:\/\/www.galerie-scrapbooking.com\/en\/wp-json\/wp\/v2\/product_tag?post=2242"}],"curies":[{"name":"wp","href":"https:\/\/api.w.org\/{rel}","templated":true}]}}