{"id":2238,"date":"2011-09-01T09:34:23","date_gmt":"2011-09-01T09:34:23","guid":{"rendered":"https:\/\/commparlimage.ca\/garage\/herazz\/?product=cheery-lynn-doily-celtic-fire"},"modified":"2016-05-31T12:37:45","modified_gmt":"2016-05-31T12:37:45","slug":"cheery-lynn-doily-celtic-fire","status":"publish","type":"product","link":"https:\/\/www.galerie-scrapbooking.com\/en\/produit\/cheery-lynn-doily-celtic-fire\/","title":{"rendered":"Cheery Lynn Doily Celtic Fire"},"content":{"rendered":"<p>Cherry Lynn d\u00e9coupes,tr\u00e8s jolie dentelle &#8220;doily&#8221; en forme de cercle, pour d\u00e9couper parfaitement le papier, facile \u00e0 utiliser avec la Cuttlebug, Vagabond, Grand calibur ou autres machines du m\u00eame genre<\/p>\n<p>Grandeurs : 4 3\/8&#8243; X 4 3\/8&#8243;<\/p>\n<p>1 d\u00e9coupe par paquet<\/p>\n","protected":false},"excerpt":{"rendered":"<p>Cheery Lynn d\u00e9coupes<\/p>\n","protected":false},"featured_media":2239,"template":"","meta":{"_acf_changed":false},"product_brand":[],"product_cat":[272],"product_tag":[],"class_list":{"0":"post-2238","1":"product","2":"type-product","3":"status-publish","4":"has-post-thumbnail","6":"product_cat-cheery-lynn-die","7":"pa_brand_nc-cheery-lynn","9":"first","10":"instock","11":"taxable","12":"shipping-taxable","13":"purchasable","14":"product-type-simple"},"acf":[],"aioseo_notices":[],"_links":{"self":[{"href":"https:\/\/www.galerie-scrapbooking.com\/en\/wp-json\/wp\/v2\/product\/2238","targetHints":{"allow":["GET"]}}],"collection":[{"href":"https:\/\/www.galerie-scrapbooking.com\/en\/wp-json\/wp\/v2\/product"}],"about":[{"href":"https:\/\/www.galerie-scrapbooking.com\/en\/wp-json\/wp\/v2\/types\/product"}],"wp:featuredmedia":[{"embeddable":true,"href":"https:\/\/www.galerie-scrapbooking.com\/en\/wp-json\/wp\/v2\/media\/2239"}],"wp:attachment":[{"href":"https:\/\/www.galerie-scrapbooking.com\/en\/wp-json\/wp\/v2\/media?parent=2238"}],"wp:term":[{"taxonomy":"product_brand","embeddable":true,"href":"https:\/\/www.galerie-scrapbooking.com\/en\/wp-json\/wp\/v2\/product_brand?post=2238"},{"taxonomy":"product_cat","embeddable":true,"href":"https:\/\/www.galerie-scrapbooking.com\/en\/wp-json\/wp\/v2\/product_cat?post=2238"},{"taxonomy":"product_tag","embeddable":true,"href":"https:\/\/www.galerie-scrapbooking.com\/en\/wp-json\/wp\/v2\/product_tag?post=2238"}],"curies":[{"name":"wp","href":"https:\/\/api.w.org\/{rel}","templated":true}]}}